{"id":1413,"date":"2023-05-19T22:02:23","date_gmt":"2023-05-19T22:02:23","guid":{"rendered":"https:\/\/tasdegirmenmakina.com.tr\/?page_id=1413"},"modified":"2023-05-19T22:03:49","modified_gmt":"2023-05-19T22:03:49","slug":"mizan-tarim","status":"publish","type":"page","link":"https:\/\/tasdegirmenmakina.com.tr\/index.php\/mizan-tarim\/","title":{"rendered":"Mizan Tar\u0131m"},"content":{"rendered":"\t\t<div data-elementor-type=\"wp-page\" data-elementor-id=\"1413\" class=\"elementor elementor-1413\" data-elementor-settings=\"[]\">\n\t\t\t\t\t\t\t<div class=\"elementor-section-wrap\">\n\t\t\t\t\t\t\t<section class=\"elementor-section elementor-top-section elementor-element elementor-element-bdffcf5 elementor-section-boxed elementor-section-height-default elementor-section-height-default\" data-id=\"bdffcf5\" data-element_type=\"section\" data-settings=\"{&quot;ekit_has_onepagescroll_dot&quot;:&quot;yes&quot;}\">\n\t\t\t\t\t\t<div class=\"elementor-container elementor-column-gap-default\">\n\t\t\t\t\t<div class=\"elementor-column elementor-col-100 elementor-top-column elementor-element elementor-element-4d6aac8\" data-id=\"4d6aac8\" data-element_type=\"column\">\n\t\t\t<div class=\"elementor-widget-wrap elementor-element-populated\">\n\t\t\t\t\t\t\t\t<div class=\"elementor-element elementor-element-d72f735 elementor-widget elementor-widget-image\" data-id=\"d72f735\" data-element_type=\"widget\" data-settings=\"{&quot;ekit_we_effect_on&quot;:&quot;none&quot;}\" data-widget_type=\"image.default\">\n\t\t\t\t<div class=\"elementor-widget-container\">\n\t\t\t\t\t\t\t\t\t\t\t\t\t\t\t<img loading=\"lazy\" decoding=\"async\" width=\"1024\" height=\"1024\" src=\"https:\/\/tasdegirmenmakina.com.tr\/wp-content\/uploads\/2023\/05\/10-1024x1024.jpg\" class=\"attachment-large size-large\" alt=\"\" srcset=\"https:\/\/tasdegirmenmakina.com.tr\/wp-content\/uploads\/2023\/05\/10-1024x1024.jpg 1024w, https:\/\/tasdegirmenmakina.com.tr\/wp-content\/uploads\/2023\/05\/10-300x300.jpg 300w, https:\/\/tasdegirmenmakina.com.tr\/wp-content\/uploads\/2023\/05\/10-150x150.jpg 150w, https:\/\/tasdegirmenmakina.com.tr\/wp-content\/uploads\/2023\/05\/10-768x768.jpg 768w, https:\/\/tasdegirmenmakina.com.tr\/wp-content\/uploads\/2023\/05\/10-146x146.jpg 146w, https:\/\/tasdegirmenmakina.com.tr\/wp-content\/uploads\/2023\/05\/10-50x50.jpg 50w, https:\/\/tasdegirmenmakina.com.tr\/wp-content\/uploads\/2023\/05\/10-75x75.jpg 75w, https:\/\/tasdegirmenmakina.com.tr\/wp-content\/uploads\/2023\/05\/10-85x85.jpg 85w, https:\/\/tasdegirmenmakina.com.tr\/wp-content\/uploads\/2023\/05\/10-80x80.jpg 80w, https:\/\/tasdegirmenmakina.com.tr\/wp-content\/uploads\/2023\/05\/10-600x600.jpg 600w, https:\/\/tasdegirmenmakina.com.tr\/wp-content\/uploads\/2023\/05\/10.jpg 1512w\" sizes=\"auto, (max-width: 1024px) 100vw, 1024px\" \/>\t\t\t\t\t\t\t\t\t\t\t\t\t\t\t<\/div>\n\t\t\t\t<\/div>\n\t\t\t\t\t<\/div>\n\t\t<\/div>\n\t\t\t\t\t\t\t<\/div>\n\t\t<\/section>\n\t\t\t\t<section class=\"elementor-section elementor-top-section elementor-element elementor-element-1beb4a7 elementor-section-boxed elementor-section-height-default elementor-section-height-default\" data-id=\"1beb4a7\" data-element_type=\"section\" data-settings=\"{&quot;ekit_has_onepagescroll_dot&quot;:&quot;yes&quot;}\">\n\t\t\t\t\t\t<div class=\"elementor-container elementor-column-gap-default\">\n\t\t\t\t\t<div class=\"elementor-column elementor-col-100 elementor-top-column elementor-element elementor-element-cfc8189\" data-id=\"cfc8189\" data-element_type=\"column\">\n\t\t\t<div class=\"elementor-widget-wrap elementor-element-populated\">\n\t\t\t\t\t\t\t\t<div class=\"elementor-element elementor-element-67af030 elementor-widget elementor-widget-heading\" data-id=\"67af030\" data-element_type=\"widget\" data-settings=\"{&quot;ekit_we_effect_on&quot;:&quot;none&quot;}\" data-widget_type=\"heading.default\">\n\t\t\t\t<div class=\"elementor-widget-container\">\n\t\t\t<h2 class=\"elementor-heading-title elementor-size-default\">Mizan Tar\u0131m<\/h2>\t\t<\/div>\n\t\t\t\t<\/div>\n\t\t\t\t<div class=\"elementor-element elementor-element-07232bc elementor-widget elementor-widget-text-editor\" data-id=\"07232bc\" data-element_type=\"widget\" data-settings=\"{&quot;ekit_we_effect_on&quot;:&quot;none&quot;}\" data-widget_type=\"text-editor.default\">\n\t\t\t\t<div class=\"elementor-widget-container\">\n\t\t\t\t\t\t\t<p>\u00c7e\u015fitli hubatlar\u0131(BU\u011eDAY-ARPA-MISIR-AY\u00c7EK\u0130RDE\u011e\u0130 vb.\u00fcr\u00fcnler i\u00e7in depolama silolar\u0131 ve bu silolar i\u00e7in dolum zincirli konveyorleri tasarland\u0131<br \/>Fabrikan\u0131n TREME \u00dcR\u00dcN ALIM \u00c7UKURUNDAN ald\u0131\u011f\u0131m\u0131z \u00fcr\u00fcn leri,zincirli konveyor ile hassas bir ta\u015f\u0131ma yaparak ,\u00fcretti\u011fimiz silo lar ile bulu\u015fturuyoruz.<br \/>Ve silo i\u00e7ersindeki \u00fcr\u00fcnleri<br \/>yine bo\u015falt\u0131m konveyoru ile fabrika \u00fcretim hatt\u0131na transferini\u00a0sa\u011fl\u0131yoruz<\/p>\t\t\t\t\t\t<\/div>\n\t\t\t\t<\/div>\n\t\t\t\t\t<\/div>\n\t\t<\/div>\n\t\t\t\t\t\t\t<\/div>\n\t\t<\/section>\n\t\t\t\t<section class=\"elementor-section elementor-top-section elementor-element elementor-element-483704c elementor-section-boxed elementor-section-height-default elementor-section-height-default\" data-id=\"483704c\" data-element_type=\"section\" data-settings=\"{&quot;ekit_has_onepagescroll_dot&quot;:&quot;yes&quot;}\">\n\t\t\t\t\t\t<div class=\"elementor-container elementor-column-gap-default\">\n\t\t\t\t\t<div class=\"elementor-column elementor-col-100 elementor-top-column elementor-element elementor-element-91e2fd6\" data-id=\"91e2fd6\" data-element_type=\"column\">\n\t\t\t<div class=\"elementor-widget-wrap elementor-element-populated\">\n\t\t\t\t\t\t\t\t<div class=\"elementor-element elementor-element-8dc05d0 elementor-widget elementor-widget-gallery\" data-id=\"8dc05d0\" data-element_type=\"widget\" data-settings=\"{&quot;lazyload&quot;:&quot;yes&quot;,&quot;gallery_layout&quot;:&quot;grid&quot;,&quot;columns&quot;:4,&quot;columns_tablet&quot;:2,&quot;columns_mobile&quot;:1,&quot;gap&quot;:{&quot;unit&quot;:&quot;px&quot;,&quot;size&quot;:10,&quot;sizes&quot;:[]},&quot;gap_tablet&quot;:{&quot;unit&quot;:&quot;px&quot;,&quot;size&quot;:10,&quot;sizes&quot;:[]},&quot;gap_mobile&quot;:{&quot;unit&quot;:&quot;px&quot;,&quot;size&quot;:10,&quot;sizes&quot;:[]},&quot;link_to&quot;:&quot;file&quot;,&quot;aspect_ratio&quot;:&quot;3:2&quot;,&quot;overlay_background&quot;:&quot;yes&quot;,&quot;content_hover_animation&quot;:&quot;fade-in&quot;,&quot;ekit_we_effect_on&quot;:&quot;none&quot;}\" data-widget_type=\"gallery.default\">\n\t\t\t\t<div class=\"elementor-widget-container\">\n\t\t\t\t\t<div class=\"elementor-gallery__container\">\n\t\t\t\t\t\t\t<a class=\"e-gallery-item elementor-gallery-item elementor-animated-content\" href=\"https:\/\/tasdegirmenmakina.com.tr\/wp-content\/uploads\/2023\/05\/2.jpg\" data-elementor-open-lightbox=\"yes\" data-elementor-lightbox-slideshow=\"all-8dc05d0\" data-elementor-lightbox-title=\"2\">\n\t\t\t\t\t<div class=\"e-gallery-image elementor-gallery-item__image\" data-thumbnail=\"https:\/\/tasdegirmenmakina.com.tr\/wp-content\/uploads\/2023\/05\/2-300x300.jpg\" data-width=\"300\" data-height=\"300\" alt=\"\" ><\/div>\n\t\t\t\t\t\t\t\t\t\t<div class=\"elementor-gallery-item__overlay\"><\/div>\n\t\t\t\t\t\t\t\t\t\t\t\t\t\t<\/a>\n\t\t\t\t\t\t\t<a class=\"e-gallery-item elementor-gallery-item elementor-animated-content\" href=\"https:\/\/tasdegirmenmakina.com.tr\/wp-content\/uploads\/2023\/05\/3-2.jpg\" data-elementor-open-lightbox=\"yes\" data-elementor-lightbox-slideshow=\"all-8dc05d0\" data-elementor-lightbox-title=\"3\">\n\t\t\t\t\t<div class=\"e-gallery-image elementor-gallery-item__image\" data-thumbnail=\"https:\/\/tasdegirmenmakina.com.tr\/wp-content\/uploads\/2023\/05\/3-2-300x300.jpg\" data-width=\"300\" data-height=\"300\" alt=\"\" ><\/div>\n\t\t\t\t\t\t\t\t\t\t<div class=\"elementor-gallery-item__overlay\"><\/div>\n\t\t\t\t\t\t\t\t\t\t\t\t\t\t<\/a>\n\t\t\t\t\t\t\t<a class=\"e-gallery-item elementor-gallery-item elementor-animated-content\" href=\"https:\/\/tasdegirmenmakina.com.tr\/wp-content\/uploads\/2023\/05\/4-1.jpg\" data-elementor-open-lightbox=\"yes\" data-elementor-lightbox-slideshow=\"all-8dc05d0\" data-elementor-lightbox-title=\"4\">\n\t\t\t\t\t<div class=\"e-gallery-image elementor-gallery-item__image\" data-thumbnail=\"https:\/\/tasdegirmenmakina.com.tr\/wp-content\/uploads\/2023\/05\/4-1-169x300.jpg\" data-width=\"169\" data-height=\"300\" alt=\"\" ><\/div>\n\t\t\t\t\t\t\t\t\t\t<div class=\"elementor-gallery-item__overlay\"><\/div>\n\t\t\t\t\t\t\t\t\t\t\t\t\t\t<\/a>\n\t\t\t\t\t\t\t<a class=\"e-gallery-item elementor-gallery-item elementor-animated-content\" href=\"https:\/\/tasdegirmenmakina.com.tr\/wp-content\/uploads\/2023\/05\/5-1.jpg\" data-elementor-open-lightbox=\"yes\" data-elementor-lightbox-slideshow=\"all-8dc05d0\" data-elementor-lightbox-title=\"5\">\n\t\t\t\t\t<div class=\"e-gallery-image elementor-gallery-item__image\" data-thumbnail=\"https:\/\/tasdegirmenmakina.com.tr\/wp-content\/uploads\/2023\/05\/5-1-300x225.jpg\" data-width=\"300\" data-height=\"225\" alt=\"\" ><\/div>\n\t\t\t\t\t\t\t\t\t\t<div class=\"elementor-gallery-item__overlay\"><\/div>\n\t\t\t\t\t\t\t\t\t\t\t\t\t\t<\/a>\n\t\t\t\t\t\t\t<a class=\"e-gallery-item elementor-gallery-item elementor-animated-content\" href=\"https:\/\/tasdegirmenmakina.com.tr\/wp-content\/uploads\/2023\/05\/9.jpg\" data-elementor-open-lightbox=\"yes\" data-elementor-lightbox-slideshow=\"all-8dc05d0\" data-elementor-lightbox-title=\"9\">\n\t\t\t\t\t<div class=\"e-gallery-image elementor-gallery-item__image\" data-thumbnail=\"https:\/\/tasdegirmenmakina.com.tr\/wp-content\/uploads\/2023\/05\/9-225x300.jpg\" data-width=\"225\" data-height=\"300\" alt=\"\" ><\/div>\n\t\t\t\t\t\t\t\t\t\t<div class=\"elementor-gallery-item__overlay\"><\/div>\n\t\t\t\t\t\t\t\t\t\t\t\t\t\t<\/a>\n\t\t\t\t\t\t\t<a class=\"e-gallery-item elementor-gallery-item elementor-animated-content\" href=\"https:\/\/tasdegirmenmakina.com.tr\/wp-content\/uploads\/2023\/05\/10-1.jpg\" data-elementor-open-lightbox=\"yes\" data-elementor-lightbox-slideshow=\"all-8dc05d0\" data-elementor-lightbox-title=\"10\">\n\t\t\t\t\t<div class=\"e-gallery-image elementor-gallery-item__image\" data-thumbnail=\"https:\/\/tasdegirmenmakina.com.tr\/wp-content\/uploads\/2023\/05\/10-1-300x300.jpg\" data-width=\"300\" data-height=\"300\" alt=\"\" ><\/div>\n\t\t\t\t\t\t\t\t\t\t<div class=\"elementor-gallery-item__overlay\"><\/div>\n\t\t\t\t\t\t\t\t\t\t\t\t\t\t<\/a>\n\t\t\t\t\t\t\t<a class=\"e-gallery-item elementor-gallery-item elementor-animated-content\" href=\"https:\/\/tasdegirmenmakina.com.tr\/wp-content\/uploads\/2023\/05\/11.jpg\" data-elementor-open-lightbox=\"yes\" data-elementor-lightbox-slideshow=\"all-8dc05d0\" data-elementor-lightbox-title=\"11\">\n\t\t\t\t\t<div class=\"e-gallery-image elementor-gallery-item__image\" data-thumbnail=\"https:\/\/tasdegirmenmakina.com.tr\/wp-content\/uploads\/2023\/05\/11-169x300.jpg\" data-width=\"169\" data-height=\"300\" alt=\"\" ><\/div>\n\t\t\t\t\t\t\t\t\t\t<div class=\"elementor-gallery-item__overlay\"><\/div>\n\t\t\t\t\t\t\t\t\t\t\t\t\t\t<\/a>\n\t\t\t\t\t\t\t<a class=\"e-gallery-item elementor-gallery-item elementor-animated-content\" href=\"https:\/\/tasdegirmenmakina.com.tr\/wp-content\/uploads\/2023\/05\/12.jpg\" data-elementor-open-lightbox=\"yes\" data-elementor-lightbox-slideshow=\"all-8dc05d0\" data-elementor-lightbox-title=\"12\">\n\t\t\t\t\t<div class=\"e-gallery-image elementor-gallery-item__image\" data-thumbnail=\"https:\/\/tasdegirmenmakina.com.tr\/wp-content\/uploads\/2023\/05\/12-169x300.jpg\" data-width=\"169\" data-height=\"300\" alt=\"\" ><\/div>\n\t\t\t\t\t\t\t\t\t\t<div class=\"elementor-gallery-item__overlay\"><\/div>\n\t\t\t\t\t\t\t\t\t\t\t\t\t\t<\/a>\n\t\t\t\t\t\t\t<a class=\"e-gallery-item elementor-gallery-item elementor-animated-content\" href=\"https:\/\/tasdegirmenmakina.com.tr\/wp-content\/uploads\/2023\/05\/13.jpg\" data-elementor-open-lightbox=\"yes\" data-elementor-lightbox-slideshow=\"all-8dc05d0\" data-elementor-lightbox-title=\"13\">\n\t\t\t\t\t<div class=\"e-gallery-image elementor-gallery-item__image\" data-thumbnail=\"https:\/\/tasdegirmenmakina.com.tr\/wp-content\/uploads\/2023\/05\/13-169x300.jpg\" data-width=\"169\" data-height=\"300\" alt=\"\" ><\/div>\n\t\t\t\t\t\t\t\t\t\t<div class=\"elementor-gallery-item__overlay\"><\/div>\n\t\t\t\t\t\t\t\t\t\t\t\t\t\t<\/a>\n\t\t\t\t\t\t\t<a class=\"e-gallery-item elementor-gallery-item elementor-animated-content\" href=\"https:\/\/tasdegirmenmakina.com.tr\/wp-content\/uploads\/2023\/05\/14-1.jpg\" data-elementor-open-lightbox=\"yes\" data-elementor-lightbox-slideshow=\"all-8dc05d0\" data-elementor-lightbox-title=\"14\">\n\t\t\t\t\t<div class=\"e-gallery-image elementor-gallery-item__image\" data-thumbnail=\"https:\/\/tasdegirmenmakina.com.tr\/wp-content\/uploads\/2023\/05\/14-1-169x300.jpg\" data-width=\"169\" data-height=\"300\" alt=\"\" ><\/div>\n\t\t\t\t\t\t\t\t\t\t<div class=\"elementor-gallery-item__overlay\"><\/div>\n\t\t\t\t\t\t\t\t\t\t\t\t\t\t<\/a>\n\t\t\t\t\t<\/div>\n\t\t\t<\/div>\n\t\t\t\t<\/div>\n\t\t\t\t\t<\/div>\n\t\t<\/div>\n\t\t\t\t\t\t\t<\/div>\n\t\t<\/section>\n\t\t\t\t\t\t<\/div>\n\t\t\t\t\t<\/div>\n\t\t","protected":false},"excerpt":{"rendered":"<p>Mizan Tar\u0131m \u00c7e\u015fitli hubatlar\u0131(BU\u011eDAY-ARPA-MISIR-AY\u00c7EK\u0130RDE\u011e\u0130 vb.\u00fcr\u00fcnler i\u00e7in depolama silolar\u0131 ve bu silolar i\u00e7in dolum zincirli konveyorleri tasarland\u0131Fabrikan\u0131n TREME \u00dcR\u00dcN ALIM \u00c7UKURUNDAN ald\u0131\u011f\u0131m\u0131z \u00fcr\u00fcn leri,zincirli konveyor ile hassas<span class=\"excerpt-hellip\"> [\u2026]<\/span><\/p>\n","protected":false},"author":2,"featured_media":0,"parent":0,"menu_order":0,"comment_status":"closed","ping_status":"closed","template":"","meta":{"footnotes":""},"class_list":["post-1413","page","type-page","status-publish","hentry"],"_links":{"self":[{"href":"https:\/\/tasdegirmenmakina.com.tr\/index.php\/wp-json\/wp\/v2\/pages\/1413","targetHints":{"allow":["GET"]}}],"collection":[{"href":"https:\/\/tasdegirmenmakina.com.tr\/index.php\/wp-json\/wp\/v2\/pages"}],"about":[{"href":"https:\/\/tasdegirmenmakina.com.tr\/index.php\/wp-json\/wp\/v2\/types\/page"}],"author":[{"embeddable":true,"href":"https:\/\/tasdegirmenmakina.com.tr\/index.php\/wp-json\/wp\/v2\/users\/2"}],"replies":[{"embeddable":true,"href":"https:\/\/tasdegirmenmakina.com.tr\/index.php\/wp-json\/wp\/v2\/comments?post=1413"}],"version-history":[{"count":4,"href":"https:\/\/tasdegirmenmakina.com.tr\/index.php\/wp-json\/wp\/v2\/pages\/1413\/revisions"}],"predecessor-version":[{"id":1427,"href":"https:\/\/tasdegirmenmakina.com.tr\/index.php\/wp-json\/wp\/v2\/pages\/1413\/revisions\/1427"}],"wp:attachment":[{"href":"https:\/\/tasdegirmenmakina.com.tr\/index.php\/wp-json\/wp\/v2\/media?parent=1413"}],"curies":[{"name":"wp","href":"https:\/\/api.w.org\/{rel}","templated":true}]}}