{"id":1429,"date":"2023-05-19T22:05:56","date_gmt":"2023-05-19T22:05:56","guid":{"rendered":"https:\/\/tasdegirmenmakina.com.tr\/?page_id=1429"},"modified":"2023-05-19T22:09:02","modified_gmt":"2023-05-19T22:09:02","slug":"basari-yem","status":"publish","type":"page","link":"https:\/\/tasdegirmenmakina.com.tr\/index.php\/basari-yem\/","title":{"rendered":"Ba\u015far\u0131 Yem"},"content":{"rendered":"\t\t<div data-elementor-type=\"wp-page\" data-elementor-id=\"1429\" class=\"elementor elementor-1429\" data-elementor-settings=\"[]\">\n\t\t\t\t\t\t\t<div class=\"elementor-section-wrap\">\n\t\t\t\t\t\t\t<section class=\"elementor-section elementor-top-section elementor-element elementor-element-3b3f286 elementor-section-boxed elementor-section-height-default elementor-section-height-default\" data-id=\"3b3f286\" data-element_type=\"section\" data-settings=\"{&quot;ekit_has_onepagescroll_dot&quot;:&quot;yes&quot;}\">\n\t\t\t\t\t\t<div class=\"elementor-container elementor-column-gap-default\">\n\t\t\t\t\t<div class=\"elementor-column elementor-col-100 elementor-top-column elementor-element elementor-element-deef3a9\" data-id=\"deef3a9\" data-element_type=\"column\">\n\t\t\t<div class=\"elementor-widget-wrap elementor-element-populated\">\n\t\t\t\t\t\t\t\t<div class=\"elementor-element elementor-element-208e2ee elementor-widget elementor-widget-image\" data-id=\"208e2ee\" data-element_type=\"widget\" data-settings=\"{&quot;ekit_we_effect_on&quot;:&quot;none&quot;}\" data-widget_type=\"image.default\">\n\t\t\t\t<div class=\"elementor-widget-container\">\n\t\t\t\t\t\t\t\t\t\t\t\t\t\t\t<img loading=\"lazy\" decoding=\"async\" width=\"720\" height=\"1600\" src=\"https:\/\/tasdegirmenmakina.com.tr\/wp-content\/uploads\/2023\/05\/1-1.jpg\" class=\"attachment-medium_large size-medium_large\" alt=\"\" srcset=\"https:\/\/tasdegirmenmakina.com.tr\/wp-content\/uploads\/2023\/05\/1-1.jpg 720w, https:\/\/tasdegirmenmakina.com.tr\/wp-content\/uploads\/2023\/05\/1-1-135x300.jpg 135w, https:\/\/tasdegirmenmakina.com.tr\/wp-content\/uploads\/2023\/05\/1-1-461x1024.jpg 461w, https:\/\/tasdegirmenmakina.com.tr\/wp-content\/uploads\/2023\/05\/1-1-691x1536.jpg 691w, https:\/\/tasdegirmenmakina.com.tr\/wp-content\/uploads\/2023\/05\/1-1-66x146.jpg 66w, https:\/\/tasdegirmenmakina.com.tr\/wp-content\/uploads\/2023\/05\/1-1-23x50.jpg 23w, https:\/\/tasdegirmenmakina.com.tr\/wp-content\/uploads\/2023\/05\/1-1-34x75.jpg 34w, https:\/\/tasdegirmenmakina.com.tr\/wp-content\/uploads\/2023\/05\/1-1-600x1333.jpg 600w\" sizes=\"auto, (max-width: 720px) 100vw, 720px\" \/>\t\t\t\t\t\t\t\t\t\t\t\t\t\t\t<\/div>\n\t\t\t\t<\/div>\n\t\t\t\t<div class=\"elementor-element elementor-element-89bc499 elementor-widget elementor-widget-heading\" data-id=\"89bc499\" data-element_type=\"widget\" data-settings=\"{&quot;ekit_we_effect_on&quot;:&quot;none&quot;}\" data-widget_type=\"heading.default\">\n\t\t\t\t<div class=\"elementor-widget-container\">\n\t\t\t<h2 class=\"elementor-heading-title elementor-size-default\">Ba\u015far\u0131 Yem<\/h2>\t\t<\/div>\n\t\t\t\t<\/div>\n\t\t\t\t<div class=\"elementor-element elementor-element-4b31d52 elementor-widget elementor-widget-text-editor\" data-id=\"4b31d52\" data-element_type=\"widget\" data-settings=\"{&quot;ekit_we_effect_on&quot;:&quot;none&quot;}\" data-widget_type=\"text-editor.default\">\n\t\t\t\t<div class=\"elementor-widget-container\">\n\t\t\t\t\t\t\t<p>KANATLI hayvan yemleri i\u00e7in depolama silolar\u0131 ve bu silolar i\u00e7in TOZ VE GRANUL YEM dolum zincirli konveyorleri tasarland\u0131<br \/>Fabrikan\u0131n \u00fcretim hatt\u0131ndan ald\u0131\u011f\u0131m\u0131z TOZ VE GRANUL yem leri,zincirli konveyor ile hassas bir ta\u015f\u0131ma yaparak ,\u00fcretti\u011fimiz silo lar ile bulu\u015fturuyoruz.<br \/>Ve silo i\u00e7ersindeki TOZ VE GRANUL yemleri<br \/>isteyen m\u00fc\u015fteriler i\u00e7in ise her bir silodan istedi\u011fi \u00fcr\u00fcn\u00fc alarak kamyon i\u00e7ersine d\u00f6kme yem olarak\u00a0ta\u015f\u0131yabiliyor<\/p>\t\t\t\t\t\t<\/div>\n\t\t\t\t<\/div>\n\t\t\t\t<div class=\"elementor-element elementor-element-467a3e6 elementor-widget elementor-widget-gallery\" data-id=\"467a3e6\" data-element_type=\"widget\" data-settings=\"{&quot;lazyload&quot;:&quot;yes&quot;,&quot;gallery_layout&quot;:&quot;grid&quot;,&quot;columns&quot;:4,&quot;columns_tablet&quot;:2,&quot;columns_mobile&quot;:1,&quot;gap&quot;:{&quot;unit&quot;:&quot;px&quot;,&quot;size&quot;:10,&quot;sizes&quot;:[]},&quot;gap_tablet&quot;:{&quot;unit&quot;:&quot;px&quot;,&quot;size&quot;:10,&quot;sizes&quot;:[]},&quot;gap_mobile&quot;:{&quot;unit&quot;:&quot;px&quot;,&quot;size&quot;:10,&quot;sizes&quot;:[]},&quot;link_to&quot;:&quot;file&quot;,&quot;aspect_ratio&quot;:&quot;3:2&quot;,&quot;overlay_background&quot;:&quot;yes&quot;,&quot;content_hover_animation&quot;:&quot;fade-in&quot;,&quot;ekit_we_effect_on&quot;:&quot;none&quot;}\" data-widget_type=\"gallery.default\">\n\t\t\t\t<div class=\"elementor-widget-container\">\n\t\t\t\t\t<div class=\"elementor-gallery__container\">\n\t\t\t\t\t\t\t<a class=\"e-gallery-item elementor-gallery-item elementor-animated-content\" href=\"https:\/\/tasdegirmenmakina.com.tr\/wp-content\/uploads\/2023\/05\/3-3.jpg\" data-elementor-open-lightbox=\"yes\" data-elementor-lightbox-slideshow=\"all-467a3e6\" data-elementor-lightbox-title=\"3\">\n\t\t\t\t\t<div class=\"e-gallery-image elementor-gallery-item__image\" data-thumbnail=\"https:\/\/tasdegirmenmakina.com.tr\/wp-content\/uploads\/2023\/05\/3-3-135x300.jpg\" data-width=\"135\" data-height=\"300\" alt=\"\" ><\/div>\n\t\t\t\t\t\t\t\t\t\t<div class=\"elementor-gallery-item__overlay\"><\/div>\n\t\t\t\t\t\t\t\t\t\t\t\t\t\t<\/a>\n\t\t\t\t\t\t\t<a class=\"e-gallery-item elementor-gallery-item elementor-animated-content\" href=\"https:\/\/tasdegirmenmakina.com.tr\/wp-content\/uploads\/2023\/05\/2-1.jpg\" data-elementor-open-lightbox=\"yes\" data-elementor-lightbox-slideshow=\"all-467a3e6\" data-elementor-lightbox-title=\"2\">\n\t\t\t\t\t<div class=\"e-gallery-image elementor-gallery-item__image\" data-thumbnail=\"https:\/\/tasdegirmenmakina.com.tr\/wp-content\/uploads\/2023\/05\/2-1-135x300.jpg\" data-width=\"135\" data-height=\"300\" alt=\"\" ><\/div>\n\t\t\t\t\t\t\t\t\t\t<div class=\"elementor-gallery-item__overlay\"><\/div>\n\t\t\t\t\t\t\t\t\t\t\t\t\t\t<\/a>\n\t\t\t\t\t\t\t<a class=\"e-gallery-item elementor-gallery-item elementor-animated-content\" href=\"https:\/\/tasdegirmenmakina.com.tr\/wp-content\/uploads\/2023\/05\/1-1.jpg\" data-elementor-open-lightbox=\"yes\" data-elementor-lightbox-slideshow=\"all-467a3e6\" data-elementor-lightbox-title=\"1\">\n\t\t\t\t\t<div class=\"e-gallery-image elementor-gallery-item__image\" data-thumbnail=\"https:\/\/tasdegirmenmakina.com.tr\/wp-content\/uploads\/2023\/05\/1-1-135x300.jpg\" data-width=\"135\" data-height=\"300\" alt=\"\" ><\/div>\n\t\t\t\t\t\t\t\t\t\t<div class=\"elementor-gallery-item__overlay\"><\/div>\n\t\t\t\t\t\t\t\t\t\t\t\t\t\t<\/a>\n\t\t\t\t\t<\/div>\n\t\t\t<\/div>\n\t\t\t\t<\/div>\n\t\t\t\t\t<\/div>\n\t\t<\/div>\n\t\t\t\t\t\t\t<\/div>\n\t\t<\/section>\n\t\t\t\t\t\t<\/div>\n\t\t\t\t\t<\/div>\n\t\t","protected":false},"excerpt":{"rendered":"<p>Ba\u015far\u0131 Yem KANATLI hayvan yemleri i\u00e7in depolama silolar\u0131 ve bu silolar i\u00e7in TOZ VE GRANUL YEM dolum zincirli konveyorleri tasarland\u0131Fabrikan\u0131n \u00fcretim hatt\u0131ndan ald\u0131\u011f\u0131m\u0131z TOZ VE GRANUL<span class=\"excerpt-hellip\"> [\u2026]<\/span><\/p>\n","protected":false},"author":2,"featured_media":0,"parent":0,"menu_order":0,"comment_status":"closed","ping_status":"closed","template":"","meta":{"footnotes":""},"class_list":["post-1429","page","type-page","status-publish","hentry"],"_links":{"self":[{"href":"https:\/\/tasdegirmenmakina.com.tr\/index.php\/wp-json\/wp\/v2\/pages\/1429","targetHints":{"allow":["GET"]}}],"collection":[{"href":"https:\/\/tasdegirmenmakina.com.tr\/index.php\/wp-json\/wp\/v2\/pages"}],"about":[{"href":"https:\/\/tasdegirmenmakina.com.tr\/index.php\/wp-json\/wp\/v2\/types\/page"}],"author":[{"embeddable":true,"href":"https:\/\/tasdegirmenmakina.com.tr\/index.php\/wp-json\/wp\/v2\/users\/2"}],"replies":[{"embeddable":true,"href":"https:\/\/tasdegirmenmakina.com.tr\/index.php\/wp-json\/wp\/v2\/comments?post=1429"}],"version-history":[{"count":4,"href":"https:\/\/tasdegirmenmakina.com.tr\/index.php\/wp-json\/wp\/v2\/pages\/1429\/revisions"}],"predecessor-version":[{"id":1435,"href":"https:\/\/tasdegirmenmakina.com.tr\/index.php\/wp-json\/wp\/v2\/pages\/1429\/revisions\/1435"}],"wp:attachment":[{"href":"https:\/\/tasdegirmenmakina.com.tr\/index.php\/wp-json\/wp\/v2\/media?parent=1429"}],"curies":[{"name":"wp","href":"https:\/\/api.w.org\/{rel}","templated":true}]}}