{"id":1820,"date":"2023-10-17T09:33:21","date_gmt":"2023-10-17T09:33:21","guid":{"rendered":"https:\/\/tasdegirmenmakina.com.tr\/?post_type=product&#038;p=1820"},"modified":"2023-10-17T09:38:41","modified_gmt":"2023-10-17T09:38:41","slug":"cekicli-degirmen","status":"publish","type":"product","link":"https:\/\/tasdegirmenmakina.com.tr\/index.php\/urun\/cekicli-degirmen\/","title":{"rendered":"\u00c7eki\u00e7li De\u011firmen"},"content":{"rendered":"","protected":false},"excerpt":{"rendered":"<p>Un ve irmik sanayinde tah\u0131l temizleme makinalar\u0131ndan \u00e7\u0131kan kullan\u0131labilir at\u0131klar \u00fcr\u00fcnler<br \/>\nbu\u011fday, kavuz,ot tohumu,arpa vs.)&#8217;inde\u011firmen i\u00e7erisine tak\u0131lan elek sayesinde (2mm&#8230;10mm) \u00f6\u011f\u00fct\u00fclerek istenilen incelikte \u00fcr\u00fcn elde edilir ve bu \u00fcr\u00fcnler yem sanayinde kullan\u0131l\u0131r.<br \/>\n<a href=\"https:\/\/tasdegirmenmakina.com.tr\/wp-content\/uploads\/2023\/10\/cekicli-teknik.pdf\">Teknik PDF<\/a><\/p>\n","protected":false},"featured_media":1452,"comment_status":"open","ping_status":"closed","template":"","meta":[],"product_cat":[161],"product_tag":[],"class_list":["post-1820","product","type-product","status-publish","has-post-thumbnail","hentry","product_cat-cekicli-degirmen"],"_links":{"self":[{"href":"https:\/\/tasdegirmenmakina.com.tr\/index.php\/wp-json\/wp\/v2\/product\/1820","targetHints":{"allow":["GET"]}}],"collection":[{"href":"https:\/\/tasdegirmenmakina.com.tr\/index.php\/wp-json\/wp\/v2\/product"}],"about":[{"href":"https:\/\/tasdegirmenmakina.com.tr\/index.php\/wp-json\/wp\/v2\/types\/product"}],"replies":[{"embeddable":true,"href":"https:\/\/tasdegirmenmakina.com.tr\/index.php\/wp-json\/wp\/v2\/comments?post=1820"}],"wp:featuredmedia":[{"embeddable":true,"href":"https:\/\/tasdegirmenmakina.com.tr\/index.php\/wp-json\/wp\/v2\/media\/1452"}],"wp:attachment":[{"href":"https:\/\/tasdegirmenmakina.com.tr\/index.php\/wp-json\/wp\/v2\/media?parent=1820"}],"wp:term":[{"taxonomy":"product_cat","embeddable":true,"href":"https:\/\/tasdegirmenmakina.com.tr\/index.php\/wp-json\/wp\/v2\/product_cat?post=1820"},{"taxonomy":"product_tag","embeddable":true,"href":"https:\/\/tasdegirmenmakina.com.tr\/index.php\/wp-json\/wp\/v2\/product_tag?post=1820"}],"curies":[{"name":"wp","href":"https:\/\/api.w.org\/{rel}","templated":true}]}}