{"id":1822,"date":"2023-10-17T09:33:22","date_gmt":"2023-10-17T09:33:22","guid":{"rendered":"https:\/\/tasdegirmenmakina.com.tr\/?post_type=product&#038;p=1822"},"modified":"2024-11-10T06:01:28","modified_gmt":"2024-11-10T06:01:28","slug":"bugday-pacal-sistemi","status":"publish","type":"product","link":"https:\/\/tasdegirmenmakina.com.tr\/index.php\/urun\/bugday-pacal-sistemi\/","title":{"rendered":"Bu\u011fday Pa\u00e7al Sistemi"},"content":{"rendered":"","protected":false},"excerpt":{"rendered":"<p>Pn\u00f6matik kontroll\u00fc ayar klapesi<br \/>\nadcelli \u00e7arpma plakas\u0131 ve elektronik kontrol \u00fcnitesi<br \/>\nMerkezden ba\u011f\u0131ms\u0131z \u00e7al\u0131\u015fabilme \u00f6zelli\u011fi ile anl\u0131k (kg\/h), toplam (kg) bilgileri yarlanabilir s\u0131n\u0131rlar i\u00e7in alarm \u00e7\u0131k\u0131\u015flar\u0131<br \/>\nperat\u00f6r panel ve PC ye ba\u011flanabilme \u00f6zelli\u011fi<br \/>\nn\u00f6matik kontrol ve motorlu kontrol olarak iki modelde \u00fcretilmektedir.<\/p>\n<p><a href=\"https:\/\/tasdegirmenmakina.com.tr\/wp-content\/uploads\/2023\/10\/bugday-pacal-teknik.pdf\" target=\"_blank\" rel=\"noopener\">Teknik PDF<\/a><\/p>\n","protected":false},"featured_media":1458,"comment_status":"open","ping_status":"closed","template":"","meta":[],"product_cat":[163],"product_tag":[],"class_list":["post-1822","product","type-product","status-publish","has-post-thumbnail","hentry","product_cat-depolama"],"_links":{"self":[{"href":"https:\/\/tasdegirmenmakina.com.tr\/index.php\/wp-json\/wp\/v2\/product\/1822","targetHints":{"allow":["GET"]}}],"collection":[{"href":"https:\/\/tasdegirmenmakina.com.tr\/index.php\/wp-json\/wp\/v2\/product"}],"about":[{"href":"https:\/\/tasdegirmenmakina.com.tr\/index.php\/wp-json\/wp\/v2\/types\/product"}],"replies":[{"embeddable":true,"href":"https:\/\/tasdegirmenmakina.com.tr\/index.php\/wp-json\/wp\/v2\/comments?post=1822"}],"wp:featuredmedia":[{"embeddable":true,"href":"https:\/\/tasdegirmenmakina.com.tr\/index.php\/wp-json\/wp\/v2\/media\/1458"}],"wp:attachment":[{"href":"https:\/\/tasdegirmenmakina.com.tr\/index.php\/wp-json\/wp\/v2\/media?parent=1822"}],"wp:term":[{"taxonomy":"product_cat","embeddable":true,"href":"https:\/\/tasdegirmenmakina.com.tr\/index.php\/wp-json\/wp\/v2\/product_cat?post=1822"},{"taxonomy":"product_tag","embeddable":true,"href":"https:\/\/tasdegirmenmakina.com.tr\/index.php\/wp-json\/wp\/v2\/product_tag?post=1822"}],"curies":[{"name":"wp","href":"https:\/\/api.w.org\/{rel}","templated":true}]}}