{"id":1824,"date":"2023-10-17T09:33:22","date_gmt":"2023-10-17T09:33:22","guid":{"rendered":"https:\/\/tasdegirmenmakina.com.tr\/?post_type=product&#038;p=1824"},"modified":"2023-10-17T09:57:00","modified_gmt":"2023-10-17T09:57:00","slug":"un-silosu","status":"publish","type":"product","link":"https:\/\/tasdegirmenmakina.com.tr\/index.php\/urun\/un-silosu\/","title":{"rendered":"Un Silosu"},"content":{"rendered":"","protected":false},"excerpt":{"rendered":"<p>Tah\u0131l ve i\u015flenmi\u015f \u00fcr\u00fcn guruplar\u0131 ve kuru, taneli \u00fcr\u00fcnlerin depolanmas\u0131 i\u00e7in tasarlanm\u0131\u015ft\u0131r.Depolancak \u00fcr\u00fcn cinsine g\u00f6re farkl\u0131 \u00f6zelik, m3 olarak projelendirebilir.<br \/>\nSilo i\u00e7erisine al\u0131ncak \u00fcr\u00fcn cinsine g\u00f6re silo \u00e7at\u0131s\u0131 ve<br \/>\ng\u00f6vde yap\u0131s\u0131 tasarlan\u0131r silo i\u00e7erisinden de\u015farz edilecek prosese g\u00f6re alt konik tasarlanabilir.<br \/>\nVibro motorlu.<br \/>\nSilo bo\u015faltma helezonlu.<br \/>\nBina ve konstr\u00fcksiyon \u00f6l\u00e7\u00fclerine g\u00f6re uygun \u00e7ap ve boyda \u00f6zel \u00fcretim olana\u011f\u0131 sunulmaktad\u0131r.<\/p>\n<p><a href=\"https:\/\/tasdegirmenmakina.com.tr\/wp-content\/uploads\/2023\/10\/un-silosu-teknik.pdf\" target=\"_blank\" rel=\"noopener\">Teknik PDF<\/a><\/p>\n","protected":false},"featured_media":1468,"comment_status":"open","ping_status":"closed","template":"","meta":[],"product_cat":[163],"product_tag":[],"class_list":["post-1824","product","type-product","status-publish","has-post-thumbnail","hentry","product_cat-depolama"],"_links":{"self":[{"href":"https:\/\/tasdegirmenmakina.com.tr\/index.php\/wp-json\/wp\/v2\/product\/1824","targetHints":{"allow":["GET"]}}],"collection":[{"href":"https:\/\/tasdegirmenmakina.com.tr\/index.php\/wp-json\/wp\/v2\/product"}],"about":[{"href":"https:\/\/tasdegirmenmakina.com.tr\/index.php\/wp-json\/wp\/v2\/types\/product"}],"replies":[{"embeddable":true,"href":"https:\/\/tasdegirmenmakina.com.tr\/index.php\/wp-json\/wp\/v2\/comments?post=1824"}],"wp:featuredmedia":[{"embeddable":true,"href":"https:\/\/tasdegirmenmakina.com.tr\/index.php\/wp-json\/wp\/v2\/media\/1468"}],"wp:attachment":[{"href":"https:\/\/tasdegirmenmakina.com.tr\/index.php\/wp-json\/wp\/v2\/media?parent=1824"}],"wp:term":[{"taxonomy":"product_cat","embeddable":true,"href":"https:\/\/tasdegirmenmakina.com.tr\/index.php\/wp-json\/wp\/v2\/product_cat?post=1824"},{"taxonomy":"product_tag","embeddable":true,"href":"https:\/\/tasdegirmenmakina.com.tr\/index.php\/wp-json\/wp\/v2\/product_tag?post=1824"}],"curies":[{"name":"wp","href":"https:\/\/api.w.org\/{rel}","templated":true}]}}