{"id":1825,"date":"2023-10-17T09:33:22","date_gmt":"2023-10-17T09:33:22","guid":{"rendered":"https:\/\/tasdegirmenmakina.com.tr\/?post_type=product&#038;p=1825"},"modified":"2023-10-17T09:58:40","modified_gmt":"2023-10-17T09:58:40","slug":"jet-filtre","status":"publish","type":"product","link":"https:\/\/tasdegirmenmakina.com.tr\/index.php\/urun\/jet-filtre\/","title":{"rendered":"Jet Filtre"},"content":{"rendered":"","protected":false},"excerpt":{"rendered":"<p>Temizleme makinelerinden emilen tozlu havan\u0131n veya \u00f6\u011f\u00fctme k\u0131sm\u0131ndaki ta\u015f\u0131ma<br \/>\nhavas\u0131n\u0131n filtre edilmesi i\u00e7in kullan\u0131l\u0131r. Pozitif (basma) ve negatif (vakum) sistemlerinde kullan\u0131labilir. \u00dcst g\u00f6vde de blowertaraf\u0131ndan \u00fcretilen bas\u0131n\u00e7l\u0131 hava ile doldurulan bas\u0131n\u00e7l\u0131 hava tank\u0131 bulunmaktad\u0131r.Tank bas\u0131nc\u0131 bir u\u00e7ta tak\u0131l\u0131 olan manometre ile izlenebilir. Di\u011fer u\u00e7ta ise tank\u0131 a\u015f\u0131r\u0131 bas\u0131n\u00e7 y\u00fckselmesinden koruyan bas\u0131n\u00e7 emniyet valf\u0131 mevcuttur. Bas\u0131n\u00e7l\u0131 tank\u0131n \u00fczerinde her filtre torbas\u0131 i\u00e7in bir adet olmak \u00fczere pn\u00f6matik kontroll\u00fc bir torba temizleme d\u00fczene\u011fi mevcuttur.Elektro-pn\u00f6matik bir sistem taraf\u0131ndan bas\u0131n\u00e7l\u0131 hava tank\u0131ndaki havan\u0131n bir k\u0131sm\u0131 belirli bir s\u0131ra ile temizlenecek filtre torbas\u0131n\u0131n i\u00e7 k\u0131sm\u0131na ani olarak verilir.B\u00f6ylece filtre torbas\u0131n\u0131n d\u0131\u015f y\u00fczeyinde biriken tozlar ani bas\u0131n\u00e7l\u0131 hava etkisi ile temizlenmi\u015f olur.Bu sayede filtre torba temizli\u011fi d\u00fczenli olarak yap\u0131l\u0131r. Filtre torbas\u0131 temizleme s\u00fcresi elektronik kontrol kutusundaki ayar d\u00fc\u011fmeleri ile ayarlanabilir.<\/p>\n<p><a href=\"https:\/\/tasdegirmenmakina.com.tr\/wp-content\/uploads\/2023\/10\/jet-filtre-teknik.pdf\" target=\"_blank\" rel=\"noopener\">Teknik PDF<\/a><\/p>\n","protected":false},"featured_media":1476,"comment_status":"open","ping_status":"closed","template":"","meta":[],"product_cat":[165],"product_tag":[],"class_list":["post-1825","product","type-product","status-publish","has-post-thumbnail","hentry","product_cat-filtrasyon"],"_links":{"self":[{"href":"https:\/\/tasdegirmenmakina.com.tr\/index.php\/wp-json\/wp\/v2\/product\/1825","targetHints":{"allow":["GET"]}}],"collection":[{"href":"https:\/\/tasdegirmenmakina.com.tr\/index.php\/wp-json\/wp\/v2\/product"}],"about":[{"href":"https:\/\/tasdegirmenmakina.com.tr\/index.php\/wp-json\/wp\/v2\/types\/product"}],"replies":[{"embeddable":true,"href":"https:\/\/tasdegirmenmakina.com.tr\/index.php\/wp-json\/wp\/v2\/comments?post=1825"}],"wp:featuredmedia":[{"embeddable":true,"href":"https:\/\/tasdegirmenmakina.com.tr\/index.php\/wp-json\/wp\/v2\/media\/1476"}],"wp:attachment":[{"href":"https:\/\/tasdegirmenmakina.com.tr\/index.php\/wp-json\/wp\/v2\/media?parent=1825"}],"wp:term":[{"taxonomy":"product_cat","embeddable":true,"href":"https:\/\/tasdegirmenmakina.com.tr\/index.php\/wp-json\/wp\/v2\/product_cat?post=1825"},{"taxonomy":"product_tag","embeddable":true,"href":"https:\/\/tasdegirmenmakina.com.tr\/index.php\/wp-json\/wp\/v2\/product_tag?post=1825"}],"curies":[{"name":"wp","href":"https:\/\/api.w.org\/{rel}","templated":true}]}}