{"id":1828,"date":"2023-10-17T09:33:22","date_gmt":"2023-10-17T09:33:22","guid":{"rendered":"https:\/\/tasdegirmenmakina.com.tr\/?post_type=product&#038;p=1828"},"modified":"2023-10-17T09:58:58","modified_gmt":"2023-10-17T09:58:58","slug":"silo-uzeri-silindir-filtre","status":"publish","type":"product","link":"https:\/\/tasdegirmenmakina.com.tr\/index.php\/urun\/silo-uzeri-silindir-filtre\/","title":{"rendered":"Silo \u00dczeri Silindir Filtre"},"content":{"rendered":"","protected":false},"excerpt":{"rendered":"<p>\u00dcr\u00fcn Silolar\u0131 \u00fczerine montajlanarak kullan\u0131l\u0131r,silo i\u00e7erisine bas\u0131n\u00e7l\u0131 hava veya do\u011fal yolla transferi sa\u011flanan \u00fcr\u00fcnlerin silo i\u00e7erisinde \u00fcretti\u011fi bas\u0131nc\u0131 kar\u015f\u0131lamak amac\u0131yla tasarlanm\u0131\u015ft\u0131r ve ayn\u0131 zamanda \u00fcr\u00fcnler i\u00e7in bir geri d\u00f6n\u00fc\u015f\u00fcm imkan\u0131 sa\u011flar. Pozitif (basma) ve negatif (vakum) sistemlerinde kullan\u0131labilir.\u00dcst g\u00f6vde de bulunan hava tank\u0131 sayesinde standart bir kompres\u00f6r ile \u00fcretilen havan\u0131n hava tank\u0131ndan hava kanallar\u0131na transferi ile torba temizleme i\u015flemi yap\u0131l\u0131r, hava tank\u0131 bas\u0131nc\u0131 bir u\u00e7ta tak\u0131l\u0131 olan manometre ile izlenebilir. Bas\u0131n\u00e7l\u0131 tank\u0131n \u00fczerinde her filtre torbas\u0131 i\u00e7in bir adet olmak \u00fczere pn\u00f6matik kontroll\u00fc bir torba temizleme d\u00fczene\u011fi mevcuttur.Elektro-pn\u00f6matik bir sistem taraf\u0131ndan bas\u0131n\u00e7l\u0131 hava tank\u0131ndaki havan\u0131n bir k\u0131sm\u0131 belirli bir s\u0131ra ile temizlenecek filtre torbas\u0131n\u0131n i\u00e7 k\u0131sm\u0131na ani olarak verilir.B\u00f6ylece filtre torbas\u0131n\u0131n d\u0131\u015f y\u00fczeyinde biriken tozlar ani bas\u0131n\u00e7l\u0131 hava etkisi ile temizlenmi\u015f olur.Bu sayede filtre torba temizli\u011fi d\u00fczenli olarak yap\u0131l\u0131r. Filtre torbas\u0131 temizleme s\u00fcresi elektronik kontrol kutusundaki ayar d\u00fc\u011fmeleri ile ayarlanabilir.<\/p>\n<p><a href=\"https:\/\/tasdegirmenmakina.com.tr\/wp-content\/uploads\/2023\/10\/silindir-teknik.pdf\" target=\"_blank\" rel=\"noopener\">Teknik PDF<\/a><\/p>\n","protected":false},"featured_media":0,"comment_status":"open","ping_status":"closed","template":"","meta":[],"product_cat":[165],"product_tag":[],"class_list":["post-1828","product","type-product","status-publish","hentry","product_cat-filtrasyon"],"_links":{"self":[{"href":"https:\/\/tasdegirmenmakina.com.tr\/index.php\/wp-json\/wp\/v2\/product\/1828","targetHints":{"allow":["GET"]}}],"collection":[{"href":"https:\/\/tasdegirmenmakina.com.tr\/index.php\/wp-json\/wp\/v2\/product"}],"about":[{"href":"https:\/\/tasdegirmenmakina.com.tr\/index.php\/wp-json\/wp\/v2\/types\/product"}],"replies":[{"embeddable":true,"href":"https:\/\/tasdegirmenmakina.com.tr\/index.php\/wp-json\/wp\/v2\/comments?post=1828"}],"wp:attachment":[{"href":"https:\/\/tasdegirmenmakina.com.tr\/index.php\/wp-json\/wp\/v2\/media?parent=1828"}],"wp:term":[{"taxonomy":"product_cat","embeddable":true,"href":"https:\/\/tasdegirmenmakina.com.tr\/index.php\/wp-json\/wp\/v2\/product_cat?post=1828"},{"taxonomy":"product_tag","embeddable":true,"href":"https:\/\/tasdegirmenmakina.com.tr\/index.php\/wp-json\/wp\/v2\/product_tag?post=1828"}],"curies":[{"name":"wp","href":"https:\/\/api.w.org\/{rel}","templated":true}]}}