{"id":1829,"date":"2023-10-17T09:33:23","date_gmt":"2023-10-17T09:33:23","guid":{"rendered":"https:\/\/tasdegirmenmakina.com.tr\/?post_type=product&#038;p=1829"},"modified":"2023-10-17T10:08:49","modified_gmt":"2023-10-17T10:08:49","slug":"aktuatorlu-yon-klapesi","status":"publish","type":"product","link":"https:\/\/tasdegirmenmakina.com.tr\/index.php\/urun\/aktuatorlu-yon-klapesi\/","title":{"rendered":"Akt\u00fcat\u00f6rl\u00fc Y\u00f6n Klapesi"},"content":{"rendered":"","protected":false},"excerpt":{"rendered":"<p>Pn\u00f6matik akt\u00fcat\u00f6r ile kontrol sa\u011flan\u0131r. Ba\u015fl\u0131ca g\u0131da olmak \u00fczere,plastik,ila\u00e7 ve kimya sanayisinde ve her t\u00fcrl\u00fc toz gran\u00fcl yap\u0131daki malzemelerin bir noktadan farkl\u0131 x say\u0131da noktaya g\u00f6nderilmesi i\u00e7in kullan\u0131l\u0131r. 027mm &#8211; 0168mm.lik \u00e7elik boru \u00e7aplar\u0131na g\u00f6re imal edilmektedir.Otomasyon ile \u00e7al\u0131\u015fan tesislerde tercih edilir.<br \/>\nAl\u00fcminyum d\u00f6k\u00fcm g\u00f6vdeli ve \u00e7elik\/paslanmaz \u00e7elik rotorlu.<\/p>\n<p><a href=\"https:\/\/tasdegirmenmakina.com.tr\/wp-content\/uploads\/2023\/10\/aktuvorlu-teknik.pdf\" target=\"_blank\" rel=\"noopener\">Teknik PDF<\/a><\/p>\n","protected":false},"featured_media":1482,"comment_status":"open","ping_status":"closed","template":"","meta":[],"product_cat":[167],"product_tag":[],"class_list":["post-1829","product","type-product","status-publish","has-post-thumbnail","hentry","product_cat-havali-tasima"],"_links":{"self":[{"href":"https:\/\/tasdegirmenmakina.com.tr\/index.php\/wp-json\/wp\/v2\/product\/1829","targetHints":{"allow":["GET"]}}],"collection":[{"href":"https:\/\/tasdegirmenmakina.com.tr\/index.php\/wp-json\/wp\/v2\/product"}],"about":[{"href":"https:\/\/tasdegirmenmakina.com.tr\/index.php\/wp-json\/wp\/v2\/types\/product"}],"replies":[{"embeddable":true,"href":"https:\/\/tasdegirmenmakina.com.tr\/index.php\/wp-json\/wp\/v2\/comments?post=1829"}],"wp:featuredmedia":[{"embeddable":true,"href":"https:\/\/tasdegirmenmakina.com.tr\/index.php\/wp-json\/wp\/v2\/media\/1482"}],"wp:attachment":[{"href":"https:\/\/tasdegirmenmakina.com.tr\/index.php\/wp-json\/wp\/v2\/media?parent=1829"}],"wp:term":[{"taxonomy":"product_cat","embeddable":true,"href":"https:\/\/tasdegirmenmakina.com.tr\/index.php\/wp-json\/wp\/v2\/product_cat?post=1829"},{"taxonomy":"product_tag","embeddable":true,"href":"https:\/\/tasdegirmenmakina.com.tr\/index.php\/wp-json\/wp\/v2\/product_tag?post=1829"}],"curies":[{"name":"wp","href":"https:\/\/api.w.org\/{rel}","templated":true}]}}