{"id":1830,"date":"2023-10-17T09:33:23","date_gmt":"2023-10-17T09:33:23","guid":{"rendered":"https:\/\/tasdegirmenmakina.com.tr\/?post_type=product&#038;p=1830"},"modified":"2023-10-17T10:08:57","modified_gmt":"2023-10-17T10:08:57","slug":"blower-istasyonu","status":"publish","type":"product","link":"https:\/\/tasdegirmenmakina.com.tr\/index.php\/urun\/blower-istasyonu\/","title":{"rendered":"Blower \u0130stasyonu"},"content":{"rendered":"","protected":false},"excerpt":{"rendered":"<p>\u00dc\u00e7 loblu, d\u00fc\u015f\u00fck devirli ve \u00e7ift taraft\u0131 s\u0131v\u0131 ya\u011flamal\u0131d\u0131r. Makina \u00fczerindeki susturuc\u00adular sayesinde sessiz \u00e7al\u0131\u015f\u0131r. D\u00f6kme malzemenin yatay veya dikey olarak al\u00e7ak bas\u0131n\u00e7l\u0131 hava ile transferini sa\u011flar.<\/p>\n<p><a href=\"https:\/\/tasdegirmenmakina.com.tr\/wp-content\/uploads\/2023\/10\/blower-istasyonu-teknik.pdf\" target=\"_blank\" rel=\"noopener\">Teknik PDF<\/a><\/p>\n","protected":false},"featured_media":1485,"comment_status":"open","ping_status":"closed","template":"","meta":[],"product_cat":[167],"product_tag":[],"class_list":["post-1830","product","type-product","status-publish","has-post-thumbnail","hentry","product_cat-havali-tasima"],"_links":{"self":[{"href":"https:\/\/tasdegirmenmakina.com.tr\/index.php\/wp-json\/wp\/v2\/product\/1830","targetHints":{"allow":["GET"]}}],"collection":[{"href":"https:\/\/tasdegirmenmakina.com.tr\/index.php\/wp-json\/wp\/v2\/product"}],"about":[{"href":"https:\/\/tasdegirmenmakina.com.tr\/index.php\/wp-json\/wp\/v2\/types\/product"}],"replies":[{"embeddable":true,"href":"https:\/\/tasdegirmenmakina.com.tr\/index.php\/wp-json\/wp\/v2\/comments?post=1830"}],"wp:featuredmedia":[{"embeddable":true,"href":"https:\/\/tasdegirmenmakina.com.tr\/index.php\/wp-json\/wp\/v2\/media\/1485"}],"wp:attachment":[{"href":"https:\/\/tasdegirmenmakina.com.tr\/index.php\/wp-json\/wp\/v2\/media?parent=1830"}],"wp:term":[{"taxonomy":"product_cat","embeddable":true,"href":"https:\/\/tasdegirmenmakina.com.tr\/index.php\/wp-json\/wp\/v2\/product_cat?post=1830"},{"taxonomy":"product_tag","embeddable":true,"href":"https:\/\/tasdegirmenmakina.com.tr\/index.php\/wp-json\/wp\/v2\/product_tag?post=1830"}],"curies":[{"name":"wp","href":"https:\/\/api.w.org\/{rel}","templated":true}]}}