{"id":1831,"date":"2023-10-17T09:33:23","date_gmt":"2023-10-17T09:33:23","guid":{"rendered":"https:\/\/tasdegirmenmakina.com.tr\/?post_type=product&#038;p=1831"},"modified":"2023-10-17T10:09:06","modified_gmt":"2023-10-17T10:09:06","slug":"bocek-oldurucu","status":"publish","type":"product","link":"https:\/\/tasdegirmenmakina.com.tr\/index.php\/urun\/bocek-oldurucu\/","title":{"rendered":"B\u00f6cek \u00d6ld\u00fcr\u00fcc\u00fc"},"content":{"rendered":"","protected":false},"excerpt":{"rendered":"<p>Un fabrikalar\u0131nda, i\u015flenmi\u015f \u00fcr\u00fcnde b\u00f6cek yumurtalar\u0131n\u0131n hayatta kalmas\u0131n\u0131 engelle\u00ad mek i\u00e7in kullan\u0131l\u0131r. \u00dcr\u00fcn giri\u015f b\u00f6l\u00fcm\u00fcnden, dikey konumdaki rotorun i\u00e7ine merkezden y\u00f6nlendirilerek, d\u00f6nme hareketinin yaratt\u0131\u011f\u0131 savrulma ile kanatlar aras\u0131ndan kontroll\u00fc bir h\u0131zla g\u00f6vde cidarlar\u0131na \u00e7arparak \u00e7\u0131k\u0131\u015f b\u00f6l\u00fcm\u00fcnden d\u0131\u015far\u0131ya y\u00f6nlendirilir.<\/p>\n<p><a href=\"https:\/\/tasdegirmenmakina.com.tr\/wp-content\/uploads\/2023\/10\/bocek-teknik.pdf\" target=\"_blank\" rel=\"noopener\">Teknik PDF<\/a><\/p>\n","protected":false},"featured_media":1489,"comment_status":"open","ping_status":"closed","template":"","meta":[],"product_cat":[167],"product_tag":[],"class_list":["post-1831","product","type-product","status-publish","has-post-thumbnail","hentry","product_cat-havali-tasima"],"_links":{"self":[{"href":"https:\/\/tasdegirmenmakina.com.tr\/index.php\/wp-json\/wp\/v2\/product\/1831","targetHints":{"allow":["GET"]}}],"collection":[{"href":"https:\/\/tasdegirmenmakina.com.tr\/index.php\/wp-json\/wp\/v2\/product"}],"about":[{"href":"https:\/\/tasdegirmenmakina.com.tr\/index.php\/wp-json\/wp\/v2\/types\/product"}],"replies":[{"embeddable":true,"href":"https:\/\/tasdegirmenmakina.com.tr\/index.php\/wp-json\/wp\/v2\/comments?post=1831"}],"wp:featuredmedia":[{"embeddable":true,"href":"https:\/\/tasdegirmenmakina.com.tr\/index.php\/wp-json\/wp\/v2\/media\/1489"}],"wp:attachment":[{"href":"https:\/\/tasdegirmenmakina.com.tr\/index.php\/wp-json\/wp\/v2\/media?parent=1831"}],"wp:term":[{"taxonomy":"product_cat","embeddable":true,"href":"https:\/\/tasdegirmenmakina.com.tr\/index.php\/wp-json\/wp\/v2\/product_cat?post=1831"},{"taxonomy":"product_tag","embeddable":true,"href":"https:\/\/tasdegirmenmakina.com.tr\/index.php\/wp-json\/wp\/v2\/product_tag?post=1831"}],"curies":[{"name":"wp","href":"https:\/\/api.w.org\/{rel}","templated":true}]}}