{"id":1832,"date":"2023-10-17T09:33:23","date_gmt":"2023-10-17T09:33:23","guid":{"rendered":"https:\/\/tasdegirmenmakina.com.tr\/?post_type=product&#038;p=1832"},"modified":"2023-10-17T10:08:08","modified_gmt":"2023-10-17T10:08:08","slug":"eklus","status":"publish","type":"product","link":"https:\/\/tasdegirmenmakina.com.tr\/index.php\/urun\/eklus\/","title":{"rendered":"Ekl\u00fcs"},"content":{"rendered":"","protected":false},"excerpt":{"rendered":"<p>Hububat, taneli \u00fcr\u00fcn ve un vs. \u00fcr\u00fcnlerin pn\u00f6matik ta\u015f\u0131ma hatlar\u0131na aktar\u0131lmas\u0131 ve silo dolum \u00fcnitelerine \u00fcr\u00fcnlerin transferini sa\u011flar.Ayr\u0131ca negatif bas\u0131n\u00e7la \u00e7al\u0131\u015fan filtre ve<br \/>\ntoz siklonlar\u0131nda toz toplay\u0131c\u0131 ve hava kesici olarak kullan\u0131labilir.<\/p>\n<p><a href=\"https:\/\/tasdegirmenmakina.com.tr\/wp-content\/uploads\/2023\/10\/eklus-teknik.pdf\" target=\"_blank\" rel=\"noopener\">Teknik PDF<\/a><\/p>\n","protected":false},"featured_media":1492,"comment_status":"open","ping_status":"closed","template":"","meta":[],"product_cat":[167],"product_tag":[],"class_list":["post-1832","product","type-product","status-publish","has-post-thumbnail","hentry","product_cat-havali-tasima"],"_links":{"self":[{"href":"https:\/\/tasdegirmenmakina.com.tr\/index.php\/wp-json\/wp\/v2\/product\/1832","targetHints":{"allow":["GET"]}}],"collection":[{"href":"https:\/\/tasdegirmenmakina.com.tr\/index.php\/wp-json\/wp\/v2\/product"}],"about":[{"href":"https:\/\/tasdegirmenmakina.com.tr\/index.php\/wp-json\/wp\/v2\/types\/product"}],"replies":[{"embeddable":true,"href":"https:\/\/tasdegirmenmakina.com.tr\/index.php\/wp-json\/wp\/v2\/comments?post=1832"}],"wp:featuredmedia":[{"embeddable":true,"href":"https:\/\/tasdegirmenmakina.com.tr\/index.php\/wp-json\/wp\/v2\/media\/1492"}],"wp:attachment":[{"href":"https:\/\/tasdegirmenmakina.com.tr\/index.php\/wp-json\/wp\/v2\/media?parent=1832"}],"wp:term":[{"taxonomy":"product_cat","embeddable":true,"href":"https:\/\/tasdegirmenmakina.com.tr\/index.php\/wp-json\/wp\/v2\/product_cat?post=1832"},{"taxonomy":"product_tag","embeddable":true,"href":"https:\/\/tasdegirmenmakina.com.tr\/index.php\/wp-json\/wp\/v2\/product_tag?post=1832"}],"curies":[{"name":"wp","href":"https:\/\/api.w.org\/{rel}","templated":true}]}}