{"id":1834,"date":"2023-10-17T09:33:23","date_gmt":"2023-10-17T09:33:23","guid":{"rendered":"https:\/\/tasdegirmenmakina.com.tr\/?post_type=product&#038;p=1834"},"modified":"2023-10-17T10:08:24","modified_gmt":"2023-10-17T10:08:24","slug":"pnomatik-aspirator","status":"publish","type":"product","link":"https:\/\/tasdegirmenmakina.com.tr\/index.php\/urun\/pnomatik-aspirator\/","title":{"rendered":"Pn\u00f6matik Aspirator"},"content":{"rendered":"","protected":false},"excerpt":{"rendered":"<p>Un ve irmik fabrikalar\u0131nda kullan\u0131lan bir\u00e7ok makinadan \u00e7\u0131kan \u00fcr\u00fcnleri tesis i\u00e7erisnde farkl\u0131 noktalara transfer amac\u0131yla kullan\u0131l\u0131r. De\u011fi\u015fik giri\u015f ve \u00e7\u0131k\u0131\u015f pozisyonlar\u0131nda \u00fcretilen PN\u00d6MAT\u0130K aspirat\u00f6r\u00fc diyagrama g\u00f6re gerekli motor g\u00fcc\u00fcne sahip \u015fekilde imal edilir.<br \/>\nBak\u0131m\u0131 vetemizli\u011fi kolayd\u0131r.<\/p>\n<p><a href=\"https:\/\/tasdegirmenmakina.com.tr\/wp-content\/uploads\/2023\/10\/pnomatik-teknik.pdf\" target=\"_blank\" rel=\"noopener\">Teknik PDF<\/a><\/p>\n","protected":false},"featured_media":1497,"comment_status":"open","ping_status":"closed","template":"","meta":[],"product_cat":[167],"product_tag":[],"class_list":["post-1834","product","type-product","status-publish","has-post-thumbnail","hentry","product_cat-havali-tasima"],"_links":{"self":[{"href":"https:\/\/tasdegirmenmakina.com.tr\/index.php\/wp-json\/wp\/v2\/product\/1834","targetHints":{"allow":["GET"]}}],"collection":[{"href":"https:\/\/tasdegirmenmakina.com.tr\/index.php\/wp-json\/wp\/v2\/product"}],"about":[{"href":"https:\/\/tasdegirmenmakina.com.tr\/index.php\/wp-json\/wp\/v2\/types\/product"}],"replies":[{"embeddable":true,"href":"https:\/\/tasdegirmenmakina.com.tr\/index.php\/wp-json\/wp\/v2\/comments?post=1834"}],"wp:featuredmedia":[{"embeddable":true,"href":"https:\/\/tasdegirmenmakina.com.tr\/index.php\/wp-json\/wp\/v2\/media\/1497"}],"wp:attachment":[{"href":"https:\/\/tasdegirmenmakina.com.tr\/index.php\/wp-json\/wp\/v2\/media?parent=1834"}],"wp:term":[{"taxonomy":"product_cat","embeddable":true,"href":"https:\/\/tasdegirmenmakina.com.tr\/index.php\/wp-json\/wp\/v2\/product_cat?post=1834"},{"taxonomy":"product_tag","embeddable":true,"href":"https:\/\/tasdegirmenmakina.com.tr\/index.php\/wp-json\/wp\/v2\/product_tag?post=1834"}],"curies":[{"name":"wp","href":"https:\/\/api.w.org\/{rel}","templated":true}]}}