{"id":1838,"date":"2023-10-17T09:33:24","date_gmt":"2023-10-17T09:33:24","guid":{"rendered":"https:\/\/tasdegirmenmakina.com.tr\/?post_type=product&#038;p=1838"},"modified":"2024-10-22T00:59:48","modified_gmt":"2024-10-22T00:59:48","slug":"toz-siklonu","status":"publish","type":"product","link":"https:\/\/tasdegirmenmakina.com.tr\/index.php\/urun\/toz-siklonu\/","title":{"rendered":"Toz Siklonu"},"content":{"rendered":"","protected":false},"excerpt":{"rendered":"<p>Aspirasyon b\u00f6l\u00fcmlerinde \u00fcr\u00fcn\u00fcn tozunu toplay\u0131c\u0131, toz ve hava ayr\u0131\u015ft\u0131r\u0131c\u0131 olarak kullan\u0131l\u0131r.<br \/>\nTemizleme makinelerinin aspirasyon sistemlerinde bulunur.<br \/>\nAspirasyon sayesinde al\u0131nan toz, siklon vas\u0131tas\u0131yla havadan ayr\u0131\u015ft\u0131r\u0131l\u0131r.<\/p>\n<p><a href=\"https:\/\/tasdegirmenmakina.com.tr\/wp-content\/uploads\/2023\/10\/toz-silklonu-teknik.pdf\" target=\"_blank\" rel=\"noopener\">Teknik PDF<\/a><\/p>\n","protected":false},"featured_media":1512,"comment_status":"open","ping_status":"closed","template":"","meta":[],"product_cat":[167],"product_tag":[],"class_list":["post-1838","product","type-product","status-publish","has-post-thumbnail","hentry","product_cat-havali-tasima"],"_links":{"self":[{"href":"https:\/\/tasdegirmenmakina.com.tr\/index.php\/wp-json\/wp\/v2\/product\/1838","targetHints":{"allow":["GET"]}}],"collection":[{"href":"https:\/\/tasdegirmenmakina.com.tr\/index.php\/wp-json\/wp\/v2\/product"}],"about":[{"href":"https:\/\/tasdegirmenmakina.com.tr\/index.php\/wp-json\/wp\/v2\/types\/product"}],"replies":[{"embeddable":true,"href":"https:\/\/tasdegirmenmakina.com.tr\/index.php\/wp-json\/wp\/v2\/comments?post=1838"}],"wp:featuredmedia":[{"embeddable":true,"href":"https:\/\/tasdegirmenmakina.com.tr\/index.php\/wp-json\/wp\/v2\/media\/1512"}],"wp:attachment":[{"href":"https:\/\/tasdegirmenmakina.com.tr\/index.php\/wp-json\/wp\/v2\/media?parent=1838"}],"wp:term":[{"taxonomy":"product_cat","embeddable":true,"href":"https:\/\/tasdegirmenmakina.com.tr\/index.php\/wp-json\/wp\/v2\/product_cat?post=1838"},{"taxonomy":"product_tag","embeddable":true,"href":"https:\/\/tasdegirmenmakina.com.tr\/index.php\/wp-json\/wp\/v2\/product_tag?post=1838"}],"curies":[{"name":"wp","href":"https:\/\/api.w.org\/{rel}","templated":true}]}}