{"id":1839,"date":"2023-10-17T09:33:24","date_gmt":"2023-10-17T09:33:24","guid":{"rendered":"https:\/\/tasdegirmenmakina.com.tr\/?post_type=product&#038;p=1839"},"modified":"2023-10-17T10:07:59","modified_gmt":"2023-10-17T10:07:59","slug":"urun-tasima-siklonu","status":"publish","type":"product","link":"https:\/\/tasdegirmenmakina.com.tr\/index.php\/urun\/urun-tasima-siklonu\/","title":{"rendered":"\u00dcr\u00fcn Ta\u015f\u0131ma Siklonu"},"content":{"rendered":"","protected":false},"excerpt":{"rendered":"<p>Taneli ve toz \u00fcr\u00fcnleri uzak mesafelere hava yolu ile transferinde kullan\u0131l\u0131r,\u00dcr\u00fcn transfer sisteminin son noktas\u0131na ba\u011flanarak \u00fcr\u00fcnlerin gidece\u011fi son noktada g\u00f6rev<br \/>\nyapar.\u00dcr\u00fcntransfer prosesine g\u00f6re farkl\u0131 dizayn ve ba\u011flant\u0131 \u015fekillerinde \u00fcretim yap\u0131labil\u00ad mektedir.<\/p>\n<p><a href=\"https:\/\/tasdegirmenmakina.com.tr\/wp-content\/uploads\/2023\/10\/urun-tasima-teknik.pdf\" target=\"_blank\" rel=\"noopener\">Teknik PDF<\/a><\/p>\n<p>&nbsp;<\/p>\n","protected":false},"featured_media":1515,"comment_status":"open","ping_status":"closed","template":"","meta":[],"product_cat":[167],"product_tag":[],"class_list":["post-1839","product","type-product","status-publish","has-post-thumbnail","hentry","product_cat-havali-tasima"],"_links":{"self":[{"href":"https:\/\/tasdegirmenmakina.com.tr\/index.php\/wp-json\/wp\/v2\/product\/1839","targetHints":{"allow":["GET"]}}],"collection":[{"href":"https:\/\/tasdegirmenmakina.com.tr\/index.php\/wp-json\/wp\/v2\/product"}],"about":[{"href":"https:\/\/tasdegirmenmakina.com.tr\/index.php\/wp-json\/wp\/v2\/types\/product"}],"replies":[{"embeddable":true,"href":"https:\/\/tasdegirmenmakina.com.tr\/index.php\/wp-json\/wp\/v2\/comments?post=1839"}],"wp:featuredmedia":[{"embeddable":true,"href":"https:\/\/tasdegirmenmakina.com.tr\/index.php\/wp-json\/wp\/v2\/media\/1515"}],"wp:attachment":[{"href":"https:\/\/tasdegirmenmakina.com.tr\/index.php\/wp-json\/wp\/v2\/media?parent=1839"}],"wp:term":[{"taxonomy":"product_cat","embeddable":true,"href":"https:\/\/tasdegirmenmakina.com.tr\/index.php\/wp-json\/wp\/v2\/product_cat?post=1839"},{"taxonomy":"product_tag","embeddable":true,"href":"https:\/\/tasdegirmenmakina.com.tr\/index.php\/wp-json\/wp\/v2\/product_tag?post=1839"}],"curies":[{"name":"wp","href":"https:\/\/api.w.org\/{rel}","templated":true}]}}