{"id":1840,"date":"2023-10-17T09:33:24","date_gmt":"2023-10-17T09:33:24","guid":{"rendered":"https:\/\/tasdegirmenmakina.com.tr\/?post_type=product&#038;p=1840"},"modified":"2023-10-17T10:39:21","modified_gmt":"2023-10-17T10:39:21","slug":"detansor","status":"publish","type":"product","link":"https:\/\/tasdegirmenmakina.com.tr\/index.php\/urun\/detansor\/","title":{"rendered":"Detan\u015f\u00f6r"},"content":{"rendered":"","protected":false},"excerpt":{"rendered":"<p>Valslerden c\u0131kan \u00fcrenlerin makina i\u00e7indeki rotor ve paletler sayesinde \u00e7\u0131rpt\u0131r\u0131larak ayr\u0131\u015ft\u0131r\u0131lmas\u0131n\u0131 sa\u011flar bu sayede eleklere giren \u00fcr\u00fcnlerin kolayl\u0131kla s\u0131n\u0131fland\u0131rlmas\u0131na yard\u0131mc\u0131 olur ve fabrikan\u0131n rand\u0131man\u0131da pozitif y\u00f6nde etki eder.<\/p>\n<p><a href=\"https:\/\/tasdegirmenmakina.com.tr\/wp-content\/uploads\/2023\/10\/detansor-teknik.pdf\" target=\"_blank\" rel=\"noopener\">Teknik PDF<\/a><\/p>\n<p>&nbsp;<\/p>\n","protected":false},"featured_media":1518,"comment_status":"open","ping_status":"closed","template":"","meta":[],"product_cat":[169],"product_tag":[],"class_list":["post-1840","product","type-product","status-publish","has-post-thumbnail","hentry","product_cat-ogutme"],"_links":{"self":[{"href":"https:\/\/tasdegirmenmakina.com.tr\/index.php\/wp-json\/wp\/v2\/product\/1840","targetHints":{"allow":["GET"]}}],"collection":[{"href":"https:\/\/tasdegirmenmakina.com.tr\/index.php\/wp-json\/wp\/v2\/product"}],"about":[{"href":"https:\/\/tasdegirmenmakina.com.tr\/index.php\/wp-json\/wp\/v2\/types\/product"}],"replies":[{"embeddable":true,"href":"https:\/\/tasdegirmenmakina.com.tr\/index.php\/wp-json\/wp\/v2\/comments?post=1840"}],"wp:featuredmedia":[{"embeddable":true,"href":"https:\/\/tasdegirmenmakina.com.tr\/index.php\/wp-json\/wp\/v2\/media\/1518"}],"wp:attachment":[{"href":"https:\/\/tasdegirmenmakina.com.tr\/index.php\/wp-json\/wp\/v2\/media?parent=1840"}],"wp:term":[{"taxonomy":"product_cat","embeddable":true,"href":"https:\/\/tasdegirmenmakina.com.tr\/index.php\/wp-json\/wp\/v2\/product_cat?post=1840"},{"taxonomy":"product_tag","embeddable":true,"href":"https:\/\/tasdegirmenmakina.com.tr\/index.php\/wp-json\/wp\/v2\/product_tag?post=1840"}],"curies":[{"name":"wp","href":"https:\/\/api.w.org\/{rel}","templated":true}]}}