{"id":1841,"date":"2023-10-17T09:33:25","date_gmt":"2023-10-17T09:33:25","guid":{"rendered":"https:\/\/tasdegirmenmakina.com.tr\/?post_type=product&#038;p=1841"},"modified":"2023-10-17T10:38:58","modified_gmt":"2023-10-17T10:38:58","slug":"irmik-kirici","status":"publish","type":"product","link":"https:\/\/tasdegirmenmakina.com.tr\/index.php\/urun\/irmik-kirici\/","title":{"rendered":"\u0130rmik K\u0131r\u0131c\u0131"},"content":{"rendered":"","protected":false},"excerpt":{"rendered":"<p>Un diyagramlar\u0131n\u0131n uygun irmik pasajlar\u0131nda , ay\u0131rma ve \u00f6\u011f\u00fctme i\u015flemini ger\u00e7ekle\u015ftirir. Bu pasajlarda un verimini y\u00fcksek oranda art\u0131r\u0131r. Bu i\u015flem, di\u011fer \u00f6\u011f\u00fct\u00fcc\u00fclere g\u00f6re daha d\u00fc\u015f\u00fck enerji ile ger\u00e7ekle\u015ftirilir .G\u0131da sanayiinde Un ve irmik fabrikalar\u0131nda kaba ve ince irmik pasajlar\u0131nda,Valslerden hemen sonra veya pn\u00f6matik ta\u015f\u0131y\u0131c\u0131 borular\u0131n \u00fcst d\u00f6n\u00fc\u015f noktalar\u0131na, dik a\u00e7\u0131l\u0131 dirsek gibi kullan\u0131lacak \u015fekilde monte edilebilir. Di\u011fer benzeri sanayii tesislerinde kullan\u0131l\u0131r.<\/p>\n<p><a href=\"https:\/\/tasdegirmenmakina.com.tr\/wp-content\/uploads\/2023\/10\/irmik-kirici-teknik.pdf\" target=\"_blank\" rel=\"noopener\">Teknik PDF<\/a><\/p>\n","protected":false},"featured_media":1521,"comment_status":"open","ping_status":"closed","template":"","meta":[],"product_cat":[169],"product_tag":[],"class_list":["post-1841","product","type-product","status-publish","has-post-thumbnail","hentry","product_cat-ogutme"],"_links":{"self":[{"href":"https:\/\/tasdegirmenmakina.com.tr\/index.php\/wp-json\/wp\/v2\/product\/1841","targetHints":{"allow":["GET"]}}],"collection":[{"href":"https:\/\/tasdegirmenmakina.com.tr\/index.php\/wp-json\/wp\/v2\/product"}],"about":[{"href":"https:\/\/tasdegirmenmakina.com.tr\/index.php\/wp-json\/wp\/v2\/types\/product"}],"replies":[{"embeddable":true,"href":"https:\/\/tasdegirmenmakina.com.tr\/index.php\/wp-json\/wp\/v2\/comments?post=1841"}],"wp:featuredmedia":[{"embeddable":true,"href":"https:\/\/tasdegirmenmakina.com.tr\/index.php\/wp-json\/wp\/v2\/media\/1521"}],"wp:attachment":[{"href":"https:\/\/tasdegirmenmakina.com.tr\/index.php\/wp-json\/wp\/v2\/media?parent=1841"}],"wp:term":[{"taxonomy":"product_cat","embeddable":true,"href":"https:\/\/tasdegirmenmakina.com.tr\/index.php\/wp-json\/wp\/v2\/product_cat?post=1841"},{"taxonomy":"product_tag","embeddable":true,"href":"https:\/\/tasdegirmenmakina.com.tr\/index.php\/wp-json\/wp\/v2\/product_tag?post=1841"}],"curies":[{"name":"wp","href":"https:\/\/api.w.org\/{rel}","templated":true}]}}