{"id":1842,"date":"2023-10-17T09:33:25","date_gmt":"2023-10-17T09:33:25","guid":{"rendered":"https:\/\/tasdegirmenmakina.com.tr\/?post_type=product&#038;p=1842"},"modified":"2023-10-17T10:39:05","modified_gmt":"2023-10-17T10:39:05","slug":"irmik-sasoru","status":"publish","type":"product","link":"https:\/\/tasdegirmenmakina.com.tr\/index.php\/urun\/irmik-sasoru\/","title":{"rendered":"\u0130rmik Sas\u00f6r\u00fc"},"content":{"rendered":"","protected":false},"excerpt":{"rendered":"<p>Un ve irmik \u00fcretiminde kullan\u0131lan temel \u00fcretim makinalar\u0131ndan biriside irmik sas\u00f6r\u00fcd\u00fcr.Sertbu\u011fdaydan irmik \u00fcretiminde,irmi\u011fin s\u0131n\u0131fland\u0131r\u0131lmas\u0131 i\u015fleminde ve yumu\u015fak bu\u011fdaydan d\u00fc\u015f\u00fck k\u00fcll\u00fc un elde etmek bak\u0131m\u0131ndan bu makinan\u0131n \u00f6nemi b\u00fcy\u00fckt\u00fcr. Nihai mamul irmik sas\u00f6r\u00fcnden elde edilir. Mamul\u00fcn ak\u0131\u015f\u0131 kontroll\u00fc olarak, al\u00fcminyum \u00e7er\u00e7eve \u00fczerine gerilmi\u015f olan ipek y\u00fczeyine d\u00fczg\u00fcn olarak da\u011f\u0131l\u0131r. Eleme \u00fc\u00e7 katl\u0131 telora ile ger\u00e7ekle\u015fir.Aerodinamik hava kanal\u0131 ve hava ayar klapeleri sayesinde t\u00fcm telora y\u00fczeyinde e\u015fit vakum olu\u015fturularak irmik kepekten ar\u0131nd\u0131r\u0131l\u0131r ve s\u0131n\u0131fland\u0131r\u0131lan irmik pasaja g\u00f6nderilir. Vibro \u0130rmik Sas\u00f6r\u00fc tek veya iki katl\u0131 (duble) olarak imal edilebilmektedir.Al\u00fcminyum telora diyagram de\u011fi\u015filiklerinde ipe\u011fin zayi olmamas\u0131n\u0131 sa\u011flar ve irmiklerin ipek \u00fczerindeki yo\u011fun ak\u0131\u015f\u0131ndan dolay\u0131 ipekler gev\u015feme yapar ve ge\u00e7irgenli\u011fini kay\u0131p ederler, bu durumlarda al\u00fcminyum telora \u00fczerindeki gerdirmeler ile ipek yeniden gerdirilir ve maksimum verimlilik sa\u011flan\u0131r.<\/p>\n<p><a href=\"https:\/\/tasdegirmenmakina.com.tr\/wp-content\/uploads\/2023\/10\/irmik-teknik.pdf\" target=\"_blank\" rel=\"noopener\">Teknik PDF<\/a><\/p>\n","protected":false},"featured_media":1524,"comment_status":"open","ping_status":"closed","template":"","meta":[],"product_cat":[169],"product_tag":[],"class_list":["post-1842","product","type-product","status-publish","has-post-thumbnail","hentry","product_cat-ogutme"],"_links":{"self":[{"href":"https:\/\/tasdegirmenmakina.com.tr\/index.php\/wp-json\/wp\/v2\/product\/1842","targetHints":{"allow":["GET"]}}],"collection":[{"href":"https:\/\/tasdegirmenmakina.com.tr\/index.php\/wp-json\/wp\/v2\/product"}],"about":[{"href":"https:\/\/tasdegirmenmakina.com.tr\/index.php\/wp-json\/wp\/v2\/types\/product"}],"replies":[{"embeddable":true,"href":"https:\/\/tasdegirmenmakina.com.tr\/index.php\/wp-json\/wp\/v2\/comments?post=1842"}],"wp:featuredmedia":[{"embeddable":true,"href":"https:\/\/tasdegirmenmakina.com.tr\/index.php\/wp-json\/wp\/v2\/media\/1524"}],"wp:attachment":[{"href":"https:\/\/tasdegirmenmakina.com.tr\/index.php\/wp-json\/wp\/v2\/media?parent=1842"}],"wp:term":[{"taxonomy":"product_cat","embeddable":true,"href":"https:\/\/tasdegirmenmakina.com.tr\/index.php\/wp-json\/wp\/v2\/product_cat?post=1842"},{"taxonomy":"product_tag","embeddable":true,"href":"https:\/\/tasdegirmenmakina.com.tr\/index.php\/wp-json\/wp\/v2\/product_tag?post=1842"}],"curies":[{"name":"wp","href":"https:\/\/api.w.org\/{rel}","templated":true}]}}