{"id":1844,"date":"2023-10-17T09:33:25","date_gmt":"2023-10-17T09:33:25","guid":{"rendered":"https:\/\/tasdegirmenmakina.com.tr\/?post_type=product&#038;p=1844"},"modified":"2024-11-11T12:21:29","modified_gmt":"2024-11-11T12:21:29","slug":"kepek-fircasi","status":"publish","type":"product","link":"https:\/\/tasdegirmenmakina.com.tr\/index.php\/urun\/kepek-fircasi\/","title":{"rendered":"Kepek F\u0131r\u00e7as\u0131"},"content":{"rendered":"","protected":false},"excerpt":{"rendered":"<p>Kepek f\u0131r\u00e7as\u0131; un fabrikalar\u0131n\u0131n \u00f6\u011f\u00fctme b\u00f6l\u00fcm\u00fcnde kullan\u0131l\u0131r. Kepeklere yap\u0131\u015fm\u0131\u015f unlar\u0131n kepekten ayr\u0131\u015ft\u0131r\u0131lmas\u0131n\u0131 sa\u011flar. Yatay olarak \u00e7al\u0131\u015fan rotorun \u00fczerindeki \u00f6zel<br \/>\npaletlerle mamul\u00fc \u00e7evirerek kepek \u00fczerine yap\u0131\u015fm\u0131\u015f veya i\u00e7inde kalm\u0131\u015f un tanecikleri, g\u00f6zenek b\u00fcy\u00fckl\u00fckleri diagrama uygun olarak se\u00e7ilmi\u015f g\u00f6mle\u011fe \u00e7arpar ve g\u00f6mlek d\u0131\u015f\u0131na \u00e7\u0131kar,kepe\u011fin ise i\u00e7eriden yan \u00e7\u0131k\u0131\u015fa y\u00f6nlendirilmesi sa\u011flan\u0131r.B\u00f6ylece un kayb\u0131 \u00f6nlenmi\u015f olur.Bunun sonucunda hem fabrikan\u0131n rand\u0131man\u0131 y\u00fckselir hemde daha temiz kepek elde edilmi\u015f olur. Sol ve sa\u011f olmak \u00fczere iki giri\u015fi vard\u0131r ayr\u0131ca TAMTUR g\u00f6mlek olarakda \u00fcretilebilir.<\/p>\n<p><a href=\"https:\/\/tasdegirmenmakina.com.tr\/wp-content\/uploads\/2023\/10\/kepek-fircasi-teknik.pdf\" target=\"_blank\" rel=\"noopener\">Teknik PDF<\/a><\/p>\n","protected":false},"featured_media":1530,"comment_status":"open","ping_status":"closed","template":"","meta":[],"product_cat":[169],"product_tag":[],"class_list":["post-1844","product","type-product","status-publish","has-post-thumbnail","hentry","product_cat-ogutme"],"_links":{"self":[{"href":"https:\/\/tasdegirmenmakina.com.tr\/index.php\/wp-json\/wp\/v2\/product\/1844","targetHints":{"allow":["GET"]}}],"collection":[{"href":"https:\/\/tasdegirmenmakina.com.tr\/index.php\/wp-json\/wp\/v2\/product"}],"about":[{"href":"https:\/\/tasdegirmenmakina.com.tr\/index.php\/wp-json\/wp\/v2\/types\/product"}],"replies":[{"embeddable":true,"href":"https:\/\/tasdegirmenmakina.com.tr\/index.php\/wp-json\/wp\/v2\/comments?post=1844"}],"wp:featuredmedia":[{"embeddable":true,"href":"https:\/\/tasdegirmenmakina.com.tr\/index.php\/wp-json\/wp\/v2\/media\/1530"}],"wp:attachment":[{"href":"https:\/\/tasdegirmenmakina.com.tr\/index.php\/wp-json\/wp\/v2\/media?parent=1844"}],"wp:term":[{"taxonomy":"product_cat","embeddable":true,"href":"https:\/\/tasdegirmenmakina.com.tr\/index.php\/wp-json\/wp\/v2\/product_cat?post=1844"},{"taxonomy":"product_tag","embeddable":true,"href":"https:\/\/tasdegirmenmakina.com.tr\/index.php\/wp-json\/wp\/v2\/product_tag?post=1844"}],"curies":[{"name":"wp","href":"https:\/\/api.w.org\/{rel}","templated":true}]}}