{"id":1845,"date":"2023-10-17T09:33:25","date_gmt":"2023-10-17T09:33:25","guid":{"rendered":"https:\/\/tasdegirmenmakina.com.tr\/?post_type=product&#038;p=1845"},"modified":"2023-10-17T10:37:55","modified_gmt":"2023-10-17T10:37:55","slug":"kontrol-elegi","status":"publish","type":"product","link":"https:\/\/tasdegirmenmakina.com.tr\/index.php\/urun\/kontrol-elegi\/","title":{"rendered":"Kontrol Ele\u011fi"},"content":{"rendered":"","protected":false},"excerpt":{"rendered":"<p>Kara Elek un fabrikalar\u0131nda vals makinas\u0131 taraf\u0131ndan \u00f6\u011f\u00fct\u00fclen bu\u011fdaydan elde<br \/>\nedilen unun,kepe\u011fin,irmi\u011fin ayr\u0131\u015ft\u0131r\u0131lmas\u0131nda ve torbalamadan \u00f6nce son kontrollerinin yap\u0131ld\u0131\u011f\u0131 makinad\u0131r. Elek tipine ve i\u00e7indeki kasalar\u0131n dizayn\u0131na ba\u011fl\u0131 olarak 19-55 metrekare eleme alan\u0131. Uzun y\u0131llar \u00e7al\u0131\u015fmas\u0131na olanak sa\u011flayan \u00e7elik kostr\u00fcksiyon g\u00f6vde yap\u0131s\u0131. Her bir pasajda elenecek \u00fcr\u00fcn yo\u011funlu\u011funa g\u00f6re 18-28 kat elek \u00e7er\u00e7evesi. Formika ile kaplanm\u0131\u015f kontroplaklardan olu\u015fan elek kasalar\u0131 sayesinde uzun \u00f6m\u00fcrl\u00fc ve hijyenik \u00e7al\u0131\u015fma. 304 kalite er-nikel kasa saclar\u0131 sayesinde daha ak\u0131\u015fkan ve sa\u011fl\u0131kl\u0131 bir y\u00fczey. \u0130ste\u011fe g\u00f6re kolay \u00e7er\u00e7eve de\u011fi\u015ftirme ve temizlik yapmaya uygun kapak yap\u0131s\u0131. Az bak\u0131m gerektiren \u00e7al\u0131\u015fma yap\u0131s\u0131. Kolay ta\u015f\u0131ma imkan\u0131 sa\u011flayan 3 par\u00e7al\u0131 g\u00f6vde yap\u0131s\u0131<\/p>\n<p><a href=\"https:\/\/tasdegirmenmakina.com.tr\/wp-content\/uploads\/2023\/10\/kontrol-elegi-teknik.pdf\" target=\"_blank\" rel=\"noopener\">Teknik PDF<\/a><\/p>\n","protected":false},"featured_media":1533,"comment_status":"open","ping_status":"closed","template":"","meta":[],"product_cat":[169],"product_tag":[],"class_list":["post-1845","product","type-product","status-publish","has-post-thumbnail","hentry","product_cat-ogutme"],"_links":{"self":[{"href":"https:\/\/tasdegirmenmakina.com.tr\/index.php\/wp-json\/wp\/v2\/product\/1845","targetHints":{"allow":["GET"]}}],"collection":[{"href":"https:\/\/tasdegirmenmakina.com.tr\/index.php\/wp-json\/wp\/v2\/product"}],"about":[{"href":"https:\/\/tasdegirmenmakina.com.tr\/index.php\/wp-json\/wp\/v2\/types\/product"}],"replies":[{"embeddable":true,"href":"https:\/\/tasdegirmenmakina.com.tr\/index.php\/wp-json\/wp\/v2\/comments?post=1845"}],"wp:featuredmedia":[{"embeddable":true,"href":"https:\/\/tasdegirmenmakina.com.tr\/index.php\/wp-json\/wp\/v2\/media\/1533"}],"wp:attachment":[{"href":"https:\/\/tasdegirmenmakina.com.tr\/index.php\/wp-json\/wp\/v2\/media?parent=1845"}],"wp:term":[{"taxonomy":"product_cat","embeddable":true,"href":"https:\/\/tasdegirmenmakina.com.tr\/index.php\/wp-json\/wp\/v2\/product_cat?post=1845"},{"taxonomy":"product_tag","embeddable":true,"href":"https:\/\/tasdegirmenmakina.com.tr\/index.php\/wp-json\/wp\/v2\/product_tag?post=1845"}],"curies":[{"name":"wp","href":"https:\/\/api.w.org\/{rel}","templated":true}]}}