{"id":1846,"date":"2023-10-17T09:33:25","date_gmt":"2023-10-17T09:33:25","guid":{"rendered":"https:\/\/tasdegirmenmakina.com.tr\/?post_type=product&#038;p=1846"},"modified":"2023-10-17T10:38:30","modified_gmt":"2023-10-17T10:38:30","slug":"miknatis","status":"publish","type":"product","link":"https:\/\/tasdegirmenmakina.com.tr\/index.php\/urun\/miknatis\/","title":{"rendered":"M\u0131knat\u0131s"},"content":{"rendered":"","protected":false},"excerpt":{"rendered":"<p>Boru m\u0131knat\u0131slar tah\u0131l ve bakliyat i\u015fleyen tesislerde y\u00fcksek devirlerde \u00e7al\u0131\u015fan makinalar\u0131n giri\u015flerinde,\u00fcr\u00fcn i\u00e7erisinde metal par\u00e7alar\u0131n\u0131 ay\u0131rmak i\u00e7in kullan\u0131l\u0131r.<\/p>\n<p>&#8211; Do\u011fal m\u0131knat\u0131s oldu\u011fundan enerji harcamaz.<br \/>\n&#8211; Ar\u0131za olas\u0131l\u0131\u011f\u0131 ve bak\u0131m ihtiyac\u0131 yoktur.<br \/>\n&#8211; Manyetik g\u00fcc\u00fc sonsuz \u00f6m\u00fcrl\u00fcd\u00fcr.<br \/>\n&#8211; Temizlenmesi son derece kolayd\u0131r.<br \/>\n&#8211; Flan\u015f ba\u011flant\u0131s\u0131 ile kolayca monte edilir.<br \/>\n&#8211; \u00c7e\u015fitli kapasitelerde \u00fcretilir.<br \/>\n&#8211; Yat\u0131r\u0131m maliyeti d\u00fc\u015f\u00fckt\u00fcr.<\/p>\n<p><a href=\"https:\/\/tasdegirmenmakina.com.tr\/wp-content\/uploads\/2023\/10\/miknatis-teknik.pdf\" target=\"_blank\" rel=\"noopener\">Teknik PDF<\/a><\/p>\n","protected":false},"featured_media":1536,"comment_status":"open","ping_status":"closed","template":"","meta":[],"product_cat":[169],"product_tag":[],"class_list":["post-1846","product","type-product","status-publish","has-post-thumbnail","hentry","product_cat-ogutme"],"_links":{"self":[{"href":"https:\/\/tasdegirmenmakina.com.tr\/index.php\/wp-json\/wp\/v2\/product\/1846","targetHints":{"allow":["GET"]}}],"collection":[{"href":"https:\/\/tasdegirmenmakina.com.tr\/index.php\/wp-json\/wp\/v2\/product"}],"about":[{"href":"https:\/\/tasdegirmenmakina.com.tr\/index.php\/wp-json\/wp\/v2\/types\/product"}],"replies":[{"embeddable":true,"href":"https:\/\/tasdegirmenmakina.com.tr\/index.php\/wp-json\/wp\/v2\/comments?post=1846"}],"wp:featuredmedia":[{"embeddable":true,"href":"https:\/\/tasdegirmenmakina.com.tr\/index.php\/wp-json\/wp\/v2\/media\/1536"}],"wp:attachment":[{"href":"https:\/\/tasdegirmenmakina.com.tr\/index.php\/wp-json\/wp\/v2\/media?parent=1846"}],"wp:term":[{"taxonomy":"product_cat","embeddable":true,"href":"https:\/\/tasdegirmenmakina.com.tr\/index.php\/wp-json\/wp\/v2\/product_cat?post=1846"},{"taxonomy":"product_tag","embeddable":true,"href":"https:\/\/tasdegirmenmakina.com.tr\/index.php\/wp-json\/wp\/v2\/product_tag?post=1846"}],"curies":[{"name":"wp","href":"https:\/\/api.w.org\/{rel}","templated":true}]}}