{"id":1847,"date":"2023-10-17T09:33:25","date_gmt":"2023-10-17T09:33:25","guid":{"rendered":"https:\/\/tasdegirmenmakina.com.tr\/?post_type=product&#038;p=1847"},"modified":"2023-10-17T10:38:43","modified_gmt":"2023-10-17T10:38:43","slug":"rostali-elek","status":"publish","type":"product","link":"https:\/\/tasdegirmenmakina.com.tr\/index.php\/urun\/rostali-elek\/","title":{"rendered":"Rostal\u0131 Elek"},"content":{"rendered":"","protected":false},"excerpt":{"rendered":"<p>Rostal\u0131 elek un fabrikalar\u0131nda vals makinas\u0131 taraf\u0131ndan \u00f6\u011f\u00fct\u00fclen bu\u011fdaydan elde<br \/>\nedilen unun,kepe\u011fin,irmi\u011fin ayr\u0131\u015ft\u0131r\u0131lmas\u0131nda ve torbalamadan \u00f6nce son kontrollerinin yap\u0131ld\u0131\u011f\u0131 makinad\u0131r. Formika ile kaplanm\u0131\u015f kontroplaklardan olu\u015fan elek kasalar\u0131 sayesinde uzun \u00f6m\u00fcrl\u00fc ve hijyenik \u00e7al\u0131\u015fma. 304 kalite er-nikel kasa saclar\u0131 sayesinde daha ak\u0131\u015fkan ve sa\u011fl\u0131kl\u0131 bir y\u00fczey. Az bak\u0131m gerektiren \u00e7al\u0131\u015fma yap\u0131s\u0131.<\/p>\n<p><a href=\"https:\/\/tasdegirmenmakina.com.tr\/wp-content\/uploads\/2023\/10\/rostali-teknik.pdf\" target=\"_blank\" rel=\"noopener\">Teknik PDF<\/a><\/p>\n","protected":false},"featured_media":1539,"comment_status":"open","ping_status":"closed","template":"","meta":[],"product_cat":[169],"product_tag":[],"class_list":["post-1847","product","type-product","status-publish","has-post-thumbnail","hentry","product_cat-ogutme"],"_links":{"self":[{"href":"https:\/\/tasdegirmenmakina.com.tr\/index.php\/wp-json\/wp\/v2\/product\/1847","targetHints":{"allow":["GET"]}}],"collection":[{"href":"https:\/\/tasdegirmenmakina.com.tr\/index.php\/wp-json\/wp\/v2\/product"}],"about":[{"href":"https:\/\/tasdegirmenmakina.com.tr\/index.php\/wp-json\/wp\/v2\/types\/product"}],"replies":[{"embeddable":true,"href":"https:\/\/tasdegirmenmakina.com.tr\/index.php\/wp-json\/wp\/v2\/comments?post=1847"}],"wp:featuredmedia":[{"embeddable":true,"href":"https:\/\/tasdegirmenmakina.com.tr\/index.php\/wp-json\/wp\/v2\/media\/1539"}],"wp:attachment":[{"href":"https:\/\/tasdegirmenmakina.com.tr\/index.php\/wp-json\/wp\/v2\/media?parent=1847"}],"wp:term":[{"taxonomy":"product_cat","embeddable":true,"href":"https:\/\/tasdegirmenmakina.com.tr\/index.php\/wp-json\/wp\/v2\/product_cat?post=1847"},{"taxonomy":"product_tag","embeddable":true,"href":"https:\/\/tasdegirmenmakina.com.tr\/index.php\/wp-json\/wp\/v2\/product_tag?post=1847"}],"curies":[{"name":"wp","href":"https:\/\/api.w.org\/{rel}","templated":true}]}}