{"id":1848,"date":"2023-10-17T09:33:25","date_gmt":"2023-10-17T09:33:25","guid":{"rendered":"https:\/\/tasdegirmenmakina.com.tr\/?post_type=product&#038;p=1848"},"modified":"2023-10-17T10:38:50","modified_gmt":"2023-10-17T10:38:50","slug":"vals","status":"publish","type":"product","link":"https:\/\/tasdegirmenmakina.com.tr\/index.php\/urun\/vals\/","title":{"rendered":"Vals"},"content":{"rendered":"","protected":false},"excerpt":{"rendered":"<p>Un ve irmik fabrikas\u0131nda un elde etmek i\u00e7in kullan\u0131lan en \u00f6nemli makinelerden birisidir. Un fabrikas\u0131n\u0131n en \u00f6nemli makinesi olan vals, paralel \u00e7al\u0131\u015fan iki \u00e7ift vals topundan<br \/>\nolu\u015fur. Tek katl\u0131 ve \u00e7ift katl\u0131 modelleri bulunmaktad\u0131r. Valslerde \u00f6\u011f\u00fctme sistemi; k\u0131rma, kesme, bask\u0131 kuvvetlerinin birlikte uyguland\u0131\u011f\u0131 bir sistem olup,istenilen tanecik irili\u011finin elde edilmesini m\u00fcmk\u00fcn k\u0131lar. \u015ei\u015fe i\u00e7erisinde biriken \u00fcr\u00fcn pn\u00f6matik bask\u0131 plakalar\u0131n\u0131 hareket ettirir ve besleme merdaneleri \u00fcr\u00fcn\u00fc toplara homojen bir \u015fekilde beslemeye ba\u015flar. Ayn\u0131 zamanda vals toplar\u0131n\u0131n aras\u0131 pn\u00f6matik pistonlar vas\u0131tas\u0131yla kapat\u0131l\u0131r ve \u00fcr\u00fcn\u00fcn toplar aras\u0131ndan ge\u00e7erek \u00f6\u011f\u00fct\u00fclmesi sa\u011flan\u0131r. Triger kay\u0131\u015f\u0131 ile sessiz ve ya\u011fs\u0131z \u00e7al\u0131\u015fma ortam\u0131, PLC kontroll\u00fc besleme \u00fcnitesi,kolay kalibrasyon,hijyenik \u00e7al\u0131\u015fma ortam\u0131 \u00c7abuk bak\u0131m ve kolay temizlik imkan\u0131 sa\u011flar.<\/p>\n<p><a href=\"https:\/\/tasdegirmenmakina.com.tr\/wp-content\/uploads\/2023\/10\/vals-teknik.pdf\" target=\"_blank\" rel=\"noopener\">Teknik PDF<\/a><\/p>\n","protected":false},"featured_media":1542,"comment_status":"open","ping_status":"closed","template":"","meta":[],"product_cat":[169],"product_tag":[],"class_list":["post-1848","product","type-product","status-publish","has-post-thumbnail","hentry","product_cat-ogutme"],"_links":{"self":[{"href":"https:\/\/tasdegirmenmakina.com.tr\/index.php\/wp-json\/wp\/v2\/product\/1848","targetHints":{"allow":["GET"]}}],"collection":[{"href":"https:\/\/tasdegirmenmakina.com.tr\/index.php\/wp-json\/wp\/v2\/product"}],"about":[{"href":"https:\/\/tasdegirmenmakina.com.tr\/index.php\/wp-json\/wp\/v2\/types\/product"}],"replies":[{"embeddable":true,"href":"https:\/\/tasdegirmenmakina.com.tr\/index.php\/wp-json\/wp\/v2\/comments?post=1848"}],"wp:featuredmedia":[{"embeddable":true,"href":"https:\/\/tasdegirmenmakina.com.tr\/index.php\/wp-json\/wp\/v2\/media\/1542"}],"wp:attachment":[{"href":"https:\/\/tasdegirmenmakina.com.tr\/index.php\/wp-json\/wp\/v2\/media?parent=1848"}],"wp:term":[{"taxonomy":"product_cat","embeddable":true,"href":"https:\/\/tasdegirmenmakina.com.tr\/index.php\/wp-json\/wp\/v2\/product_cat?post=1848"},{"taxonomy":"product_tag","embeddable":true,"href":"https:\/\/tasdegirmenmakina.com.tr\/index.php\/wp-json\/wp\/v2\/product_tag?post=1848"}],"curies":[{"name":"wp","href":"https:\/\/api.w.org\/{rel}","templated":true}]}}