{"id":1850,"date":"2023-10-17T09:33:32","date_gmt":"2023-10-17T09:33:32","guid":{"rendered":"https:\/\/tasdegirmenmakina.com.tr\/?post_type=product&#038;p=1850"},"modified":"2025-07-07T22:21:39","modified_gmt":"2025-07-07T22:21:39","slug":"randiman-kantari","status":"publish","type":"product","link":"https:\/\/tasdegirmenmakina.com.tr\/index.php\/urun\/randiman-kantari\/","title":{"rendered":"Rand\u0131man Kantar\u0131"},"content":{"rendered":"","protected":false},"excerpt":{"rendered":"<p>Rand\u0131man Kontrol Sistemi un, irmik ve \u00e7eltik fabrikalar\u0131nda ger\u00e7ekle\u015fen \u00fcretim kapasitesini ve \u00fcr\u00fcn rand\u0131manlar\u0131n\u0131 belirleyerek, tesislerin verimlilik ve performans\u0131n\u0131n artmas\u0131n\u0131 sa\u011flar. istenen say\u0131da elektronik rand\u0131man kantar\u0131, hammadde giri\u015fi ve \u00fcr\u00fcn<br \/>\n\u00e7\u0131k\u0131\u015flar\u0131na yerle\u015ftirilerek, a\u011f ba\u011flant\u0131s\u0131yla bilgisayardan izlenirler.<\/p>\n<p><a href=\"https:\/\/tasdegirmenmakina.com.tr\/wp-content\/uploads\/2023\/10\/randiman-teknik.pdf\" target=\"_blank\" rel=\"noopener\">Teknik PDF<\/a><\/p>\n","protected":false},"featured_media":1548,"comment_status":"open","ping_status":"closed","template":"","meta":[],"product_cat":[171],"product_tag":[],"class_list":["post-1850","product","type-product","status-publish","has-post-thumbnail","hentry","product_cat-paketleme"],"_links":{"self":[{"href":"https:\/\/tasdegirmenmakina.com.tr\/index.php\/wp-json\/wp\/v2\/product\/1850","targetHints":{"allow":["GET"]}}],"collection":[{"href":"https:\/\/tasdegirmenmakina.com.tr\/index.php\/wp-json\/wp\/v2\/product"}],"about":[{"href":"https:\/\/tasdegirmenmakina.com.tr\/index.php\/wp-json\/wp\/v2\/types\/product"}],"replies":[{"embeddable":true,"href":"https:\/\/tasdegirmenmakina.com.tr\/index.php\/wp-json\/wp\/v2\/comments?post=1850"}],"wp:featuredmedia":[{"embeddable":true,"href":"https:\/\/tasdegirmenmakina.com.tr\/index.php\/wp-json\/wp\/v2\/media\/1548"}],"wp:attachment":[{"href":"https:\/\/tasdegirmenmakina.com.tr\/index.php\/wp-json\/wp\/v2\/media?parent=1850"}],"wp:term":[{"taxonomy":"product_cat","embeddable":true,"href":"https:\/\/tasdegirmenmakina.com.tr\/index.php\/wp-json\/wp\/v2\/product_cat?post=1850"},{"taxonomy":"product_tag","embeddable":true,"href":"https:\/\/tasdegirmenmakina.com.tr\/index.php\/wp-json\/wp\/v2\/product_tag?post=1850"}],"curies":[{"name":"wp","href":"https:\/\/api.w.org\/{rel}","templated":true}]}}