{"id":1851,"date":"2023-10-17T09:33:32","date_gmt":"2023-10-17T09:33:32","guid":{"rendered":"https:\/\/tasdegirmenmakina.com.tr\/?post_type=product&#038;p=1851"},"modified":"2023-10-17T09:33:37","modified_gmt":"2023-10-17T09:33:37","slug":"tahil-paketleme-makinasi","status":"publish","type":"product","link":"https:\/\/tasdegirmenmakina.com.tr\/index.php\/urun\/tahil-paketleme-makinasi\/","title":{"rendered":"Tah\u0131l Paketleme Makinas\u0131"},"content":{"rendered":"","protected":false},"excerpt":{"rendered":"<p>\u00c7ift h\u0131zl\u0131 serbest ak\u0131\u015f beslemeli.<br \/>\nT\u00fcm aksamlar ST 37 malzemeden imal ve kumlama i\u015fleminden sonra elektrostatik f\u0131r\u0131n boyal\u0131. 5 &#8211; 8 torba\/dak.\/tart\u0131mDolum h\u0131z\u0131nda<br \/>\nDiki\u015f makinas\u0131 aya\u011f\u0131 y\u00fckseklik ayarl\u0131.<br \/>\nPn\u00f6matik ventiller, Pn\u00f6matik silindirler kuru sistem, \u015eartland\u0131r\u0131c\u0131lar Festo markal\u0131, Elektronik sistem dolum kontroloru.<br \/>\nDiki\u015f makinesine uygun s\u00fcr\u00fcc\u00fc kontrollu diki\u015f bant\u0131 h\u0131z ayar\u0131.<\/p>\n<p><a href=\"https:\/\/tasdegirmenmakina.com.tr\/wp-content\/uploads\/2023\/10\/tahil-paketleme-teknik.pdf\" target=\"_blank\" rel=\"noopener\">Teknik PDF<\/a><\/p>\n","protected":false},"featured_media":1551,"comment_status":"open","ping_status":"closed","template":"","meta":[],"product_cat":[171],"product_tag":[],"class_list":["post-1851","product","type-product","status-publish","has-post-thumbnail","hentry","product_cat-paketleme"],"_links":{"self":[{"href":"https:\/\/tasdegirmenmakina.com.tr\/index.php\/wp-json\/wp\/v2\/product\/1851","targetHints":{"allow":["GET"]}}],"collection":[{"href":"https:\/\/tasdegirmenmakina.com.tr\/index.php\/wp-json\/wp\/v2\/product"}],"about":[{"href":"https:\/\/tasdegirmenmakina.com.tr\/index.php\/wp-json\/wp\/v2\/types\/product"}],"replies":[{"embeddable":true,"href":"https:\/\/tasdegirmenmakina.com.tr\/index.php\/wp-json\/wp\/v2\/comments?post=1851"}],"wp:featuredmedia":[{"embeddable":true,"href":"https:\/\/tasdegirmenmakina.com.tr\/index.php\/wp-json\/wp\/v2\/media\/1551"}],"wp:attachment":[{"href":"https:\/\/tasdegirmenmakina.com.tr\/index.php\/wp-json\/wp\/v2\/media?parent=1851"}],"wp:term":[{"taxonomy":"product_cat","embeddable":true,"href":"https:\/\/tasdegirmenmakina.com.tr\/index.php\/wp-json\/wp\/v2\/product_cat?post=1851"},{"taxonomy":"product_tag","embeddable":true,"href":"https:\/\/tasdegirmenmakina.com.tr\/index.php\/wp-json\/wp\/v2\/product_tag?post=1851"}],"curies":[{"name":"wp","href":"https:\/\/api.w.org\/{rel}","templated":true}]}}