{"id":1852,"date":"2023-10-17T09:33:32","date_gmt":"2023-10-17T09:33:32","guid":{"rendered":"https:\/\/tasdegirmenmakina.com.tr\/?post_type=product&#038;p=1852"},"modified":"2023-10-17T09:33:37","modified_gmt":"2023-10-17T09:33:37","slug":"un-dolum-makinasi","status":"publish","type":"product","link":"https:\/\/tasdegirmenmakina.com.tr\/index.php\/urun\/un-dolum-makinasi\/","title":{"rendered":"Un Dolum Makinas\u0131"},"content":{"rendered":"","protected":false},"excerpt":{"rendered":"<p>Elektronik say\u0131c\u0131 \u00fczerinde kolay gramaj ayarlamal\u0131 1 kg l\u0131k pakette yakla\u015f\u0131k 1,5 saniye dolum s\u00fcresi<br \/>\n200 kg l\u0131k \u00fcst bunker Red\u00fckt\u00f6rl\u00fc besleme helezonu Y\u00fckseklik ayarl\u0131 torba sehpas\u0131<br \/>\n\u0130\u00e7 y\u00fczeyler g\u0131da olmak \u00fczere,elektrostatik toz f\u0131r\u0131n boyal\u0131<\/p>\n<p><a href=\"https:\/\/tasdegirmenmakina.com.tr\/wp-content\/uploads\/2023\/10\/un-dolum-teknik.pdf\" target=\"_blank\" rel=\"noopener\">Teknik PDF<\/a><\/p>\n","protected":false},"featured_media":1554,"comment_status":"open","ping_status":"closed","template":"","meta":[],"product_cat":[171],"product_tag":[],"class_list":["post-1852","product","type-product","status-publish","has-post-thumbnail","hentry","product_cat-paketleme"],"_links":{"self":[{"href":"https:\/\/tasdegirmenmakina.com.tr\/index.php\/wp-json\/wp\/v2\/product\/1852","targetHints":{"allow":["GET"]}}],"collection":[{"href":"https:\/\/tasdegirmenmakina.com.tr\/index.php\/wp-json\/wp\/v2\/product"}],"about":[{"href":"https:\/\/tasdegirmenmakina.com.tr\/index.php\/wp-json\/wp\/v2\/types\/product"}],"replies":[{"embeddable":true,"href":"https:\/\/tasdegirmenmakina.com.tr\/index.php\/wp-json\/wp\/v2\/comments?post=1852"}],"wp:featuredmedia":[{"embeddable":true,"href":"https:\/\/tasdegirmenmakina.com.tr\/index.php\/wp-json\/wp\/v2\/media\/1554"}],"wp:attachment":[{"href":"https:\/\/tasdegirmenmakina.com.tr\/index.php\/wp-json\/wp\/v2\/media?parent=1852"}],"wp:term":[{"taxonomy":"product_cat","embeddable":true,"href":"https:\/\/tasdegirmenmakina.com.tr\/index.php\/wp-json\/wp\/v2\/product_cat?post=1852"},{"taxonomy":"product_tag","embeddable":true,"href":"https:\/\/tasdegirmenmakina.com.tr\/index.php\/wp-json\/wp\/v2\/product_tag?post=1852"}],"curies":[{"name":"wp","href":"https:\/\/api.w.org\/{rel}","templated":true}]}}