{"id":1853,"date":"2023-10-17T09:33:33","date_gmt":"2023-10-17T09:33:33","guid":{"rendered":"https:\/\/tasdegirmenmakina.com.tr\/?post_type=product&#038;p=1853"},"modified":"2023-10-17T09:33:37","modified_gmt":"2023-10-17T09:33:37","slug":"un-paketleme-makinasi","status":"publish","type":"product","link":"https:\/\/tasdegirmenmakina.com.tr\/index.php\/urun\/un-paketleme-makinasi\/","title":{"rendered":"Un Paketleme Makinas\u0131"},"content":{"rendered":"","protected":false},"excerpt":{"rendered":"<p>T\u00fcm aksamlar ST 37 malzemeden imal ve kumlama i\u015fleminden g\u0131da kodeksine uygun elektrostatik f\u0131r\u0131n boyal\u0131.<br \/>\n25-50 kg paketleyebilme kabiliyetinde. Etkin \u00c7uval S\u0131k\u0131\u015ft\u0131rma Vibrat\u00f6r\u00fc.<br \/>\n6 &#8211; 8 torba\/dak.\/Tart\u0131mdolum h\u0131z\u0131nda.<br \/>\n\u00c7ift Terazili Un 12-14 torba\/dk50 kg, kepek 10-12 torba\/dk 35-40 kg H\u0131zl\u0131 Besleme Helezonu 2.2 kW motorlu<br \/>\nYava\u015f Besleme Helezonu 1.1 kW motorlu Cuval S\u0131k\u0131\u015ft\u0131rma Vibrat\u00f6r\u00fc 1.1kW motorlu<br \/>\n\u0130\u00e7 y\u00fczeyler epoksi olmak \u00fczere elektrostatik f\u0131r\u0131n boyal\u0131.<br \/>\nFesto marka,kuru sistem(ISO 6431-32) ventiller, silindirler ve su tutucu. Elektronik sistem dolum kontroloru<br \/>\nUn paketleme makinesine g\u00f6re 50 kg kepek kapasitesine uygun olarak b\u00fcy\u00fck hacimli tart\u0131m kefesi ve b\u00fcy\u00fck \u00f6l\u00e7\u00fcl\u00fc \u00e7uval s\u0131k\u0131\u015ft\u0131rma vibrat\u00f6r\u00fc.<br \/>\nDiki\u015f makinesine uygun s\u00fcr\u00fcc\u00fc kontrollu diki\u015f bant\u0131 h\u0131z ayar\u0131.<\/p>\n<p><a href=\"https:\/\/tasdegirmenmakina.com.tr\/wp-content\/uploads\/2023\/10\/un-paketleme-teknik.pdf\" target=\"_blank\" rel=\"noopener\">Teknik PDF<\/a><\/p>\n","protected":false},"featured_media":1557,"comment_status":"open","ping_status":"closed","template":"","meta":[],"product_cat":[171],"product_tag":[],"class_list":["post-1853","product","type-product","status-publish","has-post-thumbnail","hentry","product_cat-paketleme"],"_links":{"self":[{"href":"https:\/\/tasdegirmenmakina.com.tr\/index.php\/wp-json\/wp\/v2\/product\/1853","targetHints":{"allow":["GET"]}}],"collection":[{"href":"https:\/\/tasdegirmenmakina.com.tr\/index.php\/wp-json\/wp\/v2\/product"}],"about":[{"href":"https:\/\/tasdegirmenmakina.com.tr\/index.php\/wp-json\/wp\/v2\/types\/product"}],"replies":[{"embeddable":true,"href":"https:\/\/tasdegirmenmakina.com.tr\/index.php\/wp-json\/wp\/v2\/comments?post=1853"}],"wp:featuredmedia":[{"embeddable":true,"href":"https:\/\/tasdegirmenmakina.com.tr\/index.php\/wp-json\/wp\/v2\/media\/1557"}],"wp:attachment":[{"href":"https:\/\/tasdegirmenmakina.com.tr\/index.php\/wp-json\/wp\/v2\/media?parent=1853"}],"wp:term":[{"taxonomy":"product_cat","embeddable":true,"href":"https:\/\/tasdegirmenmakina.com.tr\/index.php\/wp-json\/wp\/v2\/product_cat?post=1853"},{"taxonomy":"product_tag","embeddable":true,"href":"https:\/\/tasdegirmenmakina.com.tr\/index.php\/wp-json\/wp\/v2\/product_tag?post=1853"}],"curies":[{"name":"wp","href":"https:\/\/api.w.org\/{rel}","templated":true}]}}