{"id":1857,"date":"2023-10-17T09:33:33","date_gmt":"2023-10-17T09:33:33","guid":{"rendered":"https:\/\/tasdegirmenmakina.com.tr\/?post_type=product&#038;p=1857"},"modified":"2023-10-17T09:33:38","modified_gmt":"2023-10-17T09:33:38","slug":"elevator","status":"publish","type":"product","link":"https:\/\/tasdegirmenmakina.com.tr\/index.php\/urun\/elevator\/","title":{"rendered":"Elevat\u00f6r"},"content":{"rendered":"","protected":false},"excerpt":{"rendered":"<p>Yap\u0131\u015fkan \u00f6zelli\u011fi olmayan taneli malzemelerin (arpa, bu\u011fday, vb.) dikey olarak ta\u015f\u0131nmas\u0131n\u0131 sa\u011flayan makinelerdir. 20 &#8211; 300 t\/h kapasiteleri ile d\u00fc\u015f\u00fck yada y\u00fcksek depolama alanlar\u0131nda kullan\u0131l\u0131r. Elevat\u00f6r malzemesi iste\u011fe ba\u011fl\u0131 boyal\u0131 yada galvanizli olarak imal edilebilmektedir. Ta\u015f\u0131ma i\u015flemi iki tambur aras\u0131nda bant ve kova(sac,plastik) ile yap\u0131l\u0131r. Ayr\u0131ca \u00fcr\u00fcn toz s\u0131zd\u0131rmaz \u00f6zelli\u011fine sahiptir.<\/p>\n<p><a href=\"https:\/\/tasdegirmenmakina.com.tr\/wp-content\/uploads\/2023\/10\/elevator-teknik.pdf\" target=\"_blank\" rel=\"noopener\">Teknik PDF<\/a><\/p>\n","protected":false},"featured_media":1569,"comment_status":"open","ping_status":"closed","template":"","meta":[],"product_cat":[173],"product_tag":[],"class_list":["post-1857","product","type-product","status-publish","has-post-thumbnail","hentry","product_cat-tasima"],"_links":{"self":[{"href":"https:\/\/tasdegirmenmakina.com.tr\/index.php\/wp-json\/wp\/v2\/product\/1857","targetHints":{"allow":["GET"]}}],"collection":[{"href":"https:\/\/tasdegirmenmakina.com.tr\/index.php\/wp-json\/wp\/v2\/product"}],"about":[{"href":"https:\/\/tasdegirmenmakina.com.tr\/index.php\/wp-json\/wp\/v2\/types\/product"}],"replies":[{"embeddable":true,"href":"https:\/\/tasdegirmenmakina.com.tr\/index.php\/wp-json\/wp\/v2\/comments?post=1857"}],"wp:featuredmedia":[{"embeddable":true,"href":"https:\/\/tasdegirmenmakina.com.tr\/index.php\/wp-json\/wp\/v2\/media\/1569"}],"wp:attachment":[{"href":"https:\/\/tasdegirmenmakina.com.tr\/index.php\/wp-json\/wp\/v2\/media?parent=1857"}],"wp:term":[{"taxonomy":"product_cat","embeddable":true,"href":"https:\/\/tasdegirmenmakina.com.tr\/index.php\/wp-json\/wp\/v2\/product_cat?post=1857"},{"taxonomy":"product_tag","embeddable":true,"href":"https:\/\/tasdegirmenmakina.com.tr\/index.php\/wp-json\/wp\/v2\/product_tag?post=1857"}],"curies":[{"name":"wp","href":"https:\/\/api.w.org\/{rel}","templated":true}]}}