{"id":1859,"date":"2023-10-17T09:33:33","date_gmt":"2023-10-17T09:33:33","guid":{"rendered":"https:\/\/tasdegirmenmakina.com.tr\/?post_type=product&#038;p=1859"},"modified":"2023-10-17T09:33:38","modified_gmt":"2023-10-17T09:33:38","slug":"pinomatik-surgulu-klape","status":"publish","type":"product","link":"https:\/\/tasdegirmenmakina.com.tr\/index.php\/urun\/pinomatik-surgulu-klape\/","title":{"rendered":"Pinomatik S\u00fcrg\u00fcl\u00fc Klape"},"content":{"rendered":"","protected":false},"excerpt":{"rendered":"<p>Hareketli \u00fcr\u00fcn ak\u0131\u015f\u0131n\u0131n oldu\u011fu her ta\u015f\u0131ma ve depolama sisteminde kullan\u0131l\u0131r, pinomatik pistonlu tahrik sistemi sayesinde genelde i\u00e7 mekanlarda sorunsuz \u00e7al\u0131\u015fabilcek \u015fekilde tasarlanm\u0131\u015ft\u0131r. De\u011fi\u015fik d\u0131\u015f hava ko\u015fullar\u0131 i\u00e7in uygun de\u011fildir. Ayn\u0131 zamanda sesns\u00f6r ba\u011flant\u0131lar\u0131 ile komut verile bilir merkezi otomasyon sistemine kolayl\u0131kla entegre<\/p>\n<p><a href=\"https:\/\/tasdegirmenmakina.com.tr\/wp-content\/uploads\/2023\/10\/mono-siklon-teknik-1.pdf\" target=\"_blank\" rel=\"noopener\">Teknik PDF<\/a><\/p>\n","protected":false},"featured_media":1575,"comment_status":"open","ping_status":"closed","template":"","meta":[],"product_cat":[173],"product_tag":[],"class_list":["post-1859","product","type-product","status-publish","has-post-thumbnail","hentry","product_cat-tasima"],"_links":{"self":[{"href":"https:\/\/tasdegirmenmakina.com.tr\/index.php\/wp-json\/wp\/v2\/product\/1859","targetHints":{"allow":["GET"]}}],"collection":[{"href":"https:\/\/tasdegirmenmakina.com.tr\/index.php\/wp-json\/wp\/v2\/product"}],"about":[{"href":"https:\/\/tasdegirmenmakina.com.tr\/index.php\/wp-json\/wp\/v2\/types\/product"}],"replies":[{"embeddable":true,"href":"https:\/\/tasdegirmenmakina.com.tr\/index.php\/wp-json\/wp\/v2\/comments?post=1859"}],"wp:featuredmedia":[{"embeddable":true,"href":"https:\/\/tasdegirmenmakina.com.tr\/index.php\/wp-json\/wp\/v2\/media\/1575"}],"wp:attachment":[{"href":"https:\/\/tasdegirmenmakina.com.tr\/index.php\/wp-json\/wp\/v2\/media?parent=1859"}],"wp:term":[{"taxonomy":"product_cat","embeddable":true,"href":"https:\/\/tasdegirmenmakina.com.tr\/index.php\/wp-json\/wp\/v2\/product_cat?post=1859"},{"taxonomy":"product_tag","embeddable":true,"href":"https:\/\/tasdegirmenmakina.com.tr\/index.php\/wp-json\/wp\/v2\/product_tag?post=1859"}],"curies":[{"name":"wp","href":"https:\/\/api.w.org\/{rel}","templated":true}]}}