{"id":1860,"date":"2023-10-17T09:33:34","date_gmt":"2023-10-17T09:33:34","guid":{"rendered":"https:\/\/tasdegirmenmakina.com.tr\/?post_type=product&#038;p=1860"},"modified":"2023-10-17T09:33:38","modified_gmt":"2023-10-17T09:33:38","slug":"reduktorlu-surgulu-klape","status":"publish","type":"product","link":"https:\/\/tasdegirmenmakina.com.tr\/index.php\/urun\/reduktorlu-surgulu-klape\/","title":{"rendered":"Red\u00fckt\u00f6rl\u00fc S\u00fcrg\u00fcl\u00fc Klape"},"content":{"rendered":"","protected":false},"excerpt":{"rendered":"<p>Hareketli \u00fcr\u00fcn ak\u0131\u015f\u0131n\u0131n oldu\u011fu her ta\u015f\u0131ma ve depolama sisteminde kullan\u0131l\u0131r, red\u00fckt\u00f6rl\u00fc tahrik sistemi sayesinde de\u011fi\u015fik hava ko\u015fullar\u0131nda sorunsuz \u00e7al\u0131\u015fabilcek \u015fekilde tasarlanm\u0131\u015ft\u0131r. Ayn\u0131 zamanda sens\u00f6r ba\u011flant\u0131lar\u0131 ile komut verile bilir merkezi otomasyon sistemine kolayl\u0131kla entegre edilebilir.<\/p>\n<p><a href=\"https:\/\/tasdegirmenmakina.com.tr\/wp-content\/uploads\/2023\/10\/reduktorlu-teknik.pdf\" target=\"_blank\" rel=\"noopener\">Teknik PDF<\/a><\/p>\n","protected":false},"featured_media":1577,"comment_status":"open","ping_status":"closed","template":"","meta":[],"product_cat":[173],"product_tag":[],"class_list":["post-1860","product","type-product","status-publish","has-post-thumbnail","hentry","product_cat-tasima"],"_links":{"self":[{"href":"https:\/\/tasdegirmenmakina.com.tr\/index.php\/wp-json\/wp\/v2\/product\/1860","targetHints":{"allow":["GET"]}}],"collection":[{"href":"https:\/\/tasdegirmenmakina.com.tr\/index.php\/wp-json\/wp\/v2\/product"}],"about":[{"href":"https:\/\/tasdegirmenmakina.com.tr\/index.php\/wp-json\/wp\/v2\/types\/product"}],"replies":[{"embeddable":true,"href":"https:\/\/tasdegirmenmakina.com.tr\/index.php\/wp-json\/wp\/v2\/comments?post=1860"}],"wp:featuredmedia":[{"embeddable":true,"href":"https:\/\/tasdegirmenmakina.com.tr\/index.php\/wp-json\/wp\/v2\/media\/1577"}],"wp:attachment":[{"href":"https:\/\/tasdegirmenmakina.com.tr\/index.php\/wp-json\/wp\/v2\/media?parent=1860"}],"wp:term":[{"taxonomy":"product_cat","embeddable":true,"href":"https:\/\/tasdegirmenmakina.com.tr\/index.php\/wp-json\/wp\/v2\/product_cat?post=1860"},{"taxonomy":"product_tag","embeddable":true,"href":"https:\/\/tasdegirmenmakina.com.tr\/index.php\/wp-json\/wp\/v2\/product_tag?post=1860"}],"curies":[{"name":"wp","href":"https:\/\/api.w.org\/{rel}","templated":true}]}}