{"id":1861,"date":"2023-10-17T09:33:34","date_gmt":"2023-10-17T09:33:34","guid":{"rendered":"https:\/\/tasdegirmenmakina.com.tr\/?post_type=product&#038;p=1861"},"modified":"2023-10-17T09:33:38","modified_gmt":"2023-10-17T09:33:38","slug":"silo-bosaltici","status":"publish","type":"product","link":"https:\/\/tasdegirmenmakina.com.tr\/index.php\/urun\/silo-bosaltici\/","title":{"rendered":"Silo Bo\u015falt\u0131c\u0131"},"content":{"rendered":"","protected":false},"excerpt":{"rendered":"<p>\u00dcr\u00fcn depolama ama\u00e7l\u0131 kullan\u0131lan silolarda bulunan \u00f6\u011f\u00fct\u00fclm\u00fc\u015f tah\u0131l,un,irmik,kepek ve at\u0131klar\u0131n vibro motorun olu\u015fturdu\u011fu titre\u015fimle silodan bo\u015falt\u0131lmas\u0131 amac\u0131yla kullan\u0131l\u0131r. Makina \u00fcst g\u00f6vde ve alt sal\u0131ncak k\u0131sm\u0131ndan olu\u015fmaktad\u0131r.\u0130\u00e7 k\u0131s\u0131mdaki konik par\u00e7a ile \u00fcr\u00fcn\u00fcn s\u0131k\u0131\u015fmadan da\u011f\u0131l\u0131m\u0131 sa\u011flan\u0131r. Un ve irmik fabrikalar\u0131 d\u0131\u015f\u0131nda makarna fabrikala\u00ad r\u0131nda, yem fabrikalar\u0131nda ve di\u011fer benzeri sanayi tesislerinde kullan\u0131l\u0131r.<\/p>\n<p><a href=\"https:\/\/tasdegirmenmakina.com.tr\/wp-content\/uploads\/2023\/10\/silo-bosaltici-teknik.pdf\" target=\"_blank\" rel=\"noopener\">Teknik PDF<\/a><\/p>\n","protected":false},"featured_media":1581,"comment_status":"open","ping_status":"closed","template":"","meta":[],"product_cat":[173],"product_tag":[],"class_list":["post-1861","product","type-product","status-publish","has-post-thumbnail","hentry","product_cat-tasima"],"_links":{"self":[{"href":"https:\/\/tasdegirmenmakina.com.tr\/index.php\/wp-json\/wp\/v2\/product\/1861","targetHints":{"allow":["GET"]}}],"collection":[{"href":"https:\/\/tasdegirmenmakina.com.tr\/index.php\/wp-json\/wp\/v2\/product"}],"about":[{"href":"https:\/\/tasdegirmenmakina.com.tr\/index.php\/wp-json\/wp\/v2\/types\/product"}],"replies":[{"embeddable":true,"href":"https:\/\/tasdegirmenmakina.com.tr\/index.php\/wp-json\/wp\/v2\/comments?post=1861"}],"wp:featuredmedia":[{"embeddable":true,"href":"https:\/\/tasdegirmenmakina.com.tr\/index.php\/wp-json\/wp\/v2\/media\/1581"}],"wp:attachment":[{"href":"https:\/\/tasdegirmenmakina.com.tr\/index.php\/wp-json\/wp\/v2\/media?parent=1861"}],"wp:term":[{"taxonomy":"product_cat","embeddable":true,"href":"https:\/\/tasdegirmenmakina.com.tr\/index.php\/wp-json\/wp\/v2\/product_cat?post=1861"},{"taxonomy":"product_tag","embeddable":true,"href":"https:\/\/tasdegirmenmakina.com.tr\/index.php\/wp-json\/wp\/v2\/product_tag?post=1861"}],"curies":[{"name":"wp","href":"https:\/\/api.w.org\/{rel}","templated":true}]}}