{"id":1862,"date":"2023-10-17T09:33:34","date_gmt":"2023-10-17T09:33:34","guid":{"rendered":"https:\/\/tasdegirmenmakina.com.tr\/?post_type=product&#038;p=1862"},"modified":"2023-10-17T09:33:38","modified_gmt":"2023-10-17T09:33:38","slug":"tasima-bandi","status":"publish","type":"product","link":"https:\/\/tasdegirmenmakina.com.tr\/index.php\/urun\/tasima-bandi\/","title":{"rendered":"Ta\u015f\u0131ma Band\u0131"},"content":{"rendered":"","protected":false},"excerpt":{"rendered":"<p>Paketlenmi\u015f \u00fcr\u00fcn ve taneli d\u00f6kme \u00fcr\u00fcnlerin yatay ve a\u00e7\u0131l\u0131 ta\u015f\u0131nmas\u0131 amac\u0131yla tasarlanm\u0131\u015ft\u0131r. Y\u00fckseklik ayarl\u0131 g\u00f6vde sistemi sayesinde kolay kullan\u0131m imkan\u0131 sunar ayn\u0131 zamanda red\u00fckt\u00f6re ba\u011flanan h\u0131z s\u00fcr\u00fcc\u00fc sayesinde de\u011fi\u015fik h\u0131zlarla konrol imkan\u0131 sa\u011flar.<\/p>\n<p>&nbsp;<\/p>\n","protected":false},"featured_media":1583,"comment_status":"open","ping_status":"closed","template":"","meta":[],"product_cat":[173],"product_tag":[],"class_list":["post-1862","product","type-product","status-publish","has-post-thumbnail","hentry","product_cat-tasima"],"_links":{"self":[{"href":"https:\/\/tasdegirmenmakina.com.tr\/index.php\/wp-json\/wp\/v2\/product\/1862","targetHints":{"allow":["GET"]}}],"collection":[{"href":"https:\/\/tasdegirmenmakina.com.tr\/index.php\/wp-json\/wp\/v2\/product"}],"about":[{"href":"https:\/\/tasdegirmenmakina.com.tr\/index.php\/wp-json\/wp\/v2\/types\/product"}],"replies":[{"embeddable":true,"href":"https:\/\/tasdegirmenmakina.com.tr\/index.php\/wp-json\/wp\/v2\/comments?post=1862"}],"wp:featuredmedia":[{"embeddable":true,"href":"https:\/\/tasdegirmenmakina.com.tr\/index.php\/wp-json\/wp\/v2\/media\/1583"}],"wp:attachment":[{"href":"https:\/\/tasdegirmenmakina.com.tr\/index.php\/wp-json\/wp\/v2\/media?parent=1862"}],"wp:term":[{"taxonomy":"product_cat","embeddable":true,"href":"https:\/\/tasdegirmenmakina.com.tr\/index.php\/wp-json\/wp\/v2\/product_cat?post=1862"},{"taxonomy":"product_tag","embeddable":true,"href":"https:\/\/tasdegirmenmakina.com.tr\/index.php\/wp-json\/wp\/v2\/product_tag?post=1862"}],"curies":[{"name":"wp","href":"https:\/\/api.w.org\/{rel}","templated":true}]}}