{"id":1863,"date":"2023-10-17T09:33:34","date_gmt":"2023-10-17T09:33:34","guid":{"rendered":"https:\/\/tasdegirmenmakina.com.tr\/?post_type=product&#038;p=1863"},"modified":"2023-10-17T09:33:38","modified_gmt":"2023-10-17T09:33:38","slug":"teleskopik-bant","status":"publish","type":"product","link":"https:\/\/tasdegirmenmakina.com.tr\/index.php\/urun\/teleskopik-bant\/","title":{"rendered":"Teleskopik Bant"},"content":{"rendered":"","protected":false},"excerpt":{"rendered":"<p>Paketlenmi\u015f \u00fcr\u00fcnlerin sevkiyat ara\u00e7lar\u0131na y\u00fcklenmesinde kullan\u0131l\u0131r, \u00f6zellikle konteyner ve uzun dorseli ara\u00e7lar i\u00e7in tasarlanm\u0131\u015ft\u0131r teleskopik yap\u0131s\u0131 sayesinde ula\u015f\u0131lmas\u0131 g\u00fc\u00e7 b\u00f6l\u00fcmlere opor\u00f6t\u00f6r taraf\u0131ndan uzaktan kumanda ve makina \u00fczerinden kontrol\u00fc ile kullan\u0131m\u0131 sa\u011flan\u0131r.<\/p>\n<p>&nbsp;<\/p>\n","protected":false},"featured_media":1585,"comment_status":"open","ping_status":"closed","template":"","meta":[],"product_cat":[173],"product_tag":[],"class_list":["post-1863","product","type-product","status-publish","has-post-thumbnail","hentry","product_cat-tasima"],"_links":{"self":[{"href":"https:\/\/tasdegirmenmakina.com.tr\/index.php\/wp-json\/wp\/v2\/product\/1863","targetHints":{"allow":["GET"]}}],"collection":[{"href":"https:\/\/tasdegirmenmakina.com.tr\/index.php\/wp-json\/wp\/v2\/product"}],"about":[{"href":"https:\/\/tasdegirmenmakina.com.tr\/index.php\/wp-json\/wp\/v2\/types\/product"}],"replies":[{"embeddable":true,"href":"https:\/\/tasdegirmenmakina.com.tr\/index.php\/wp-json\/wp\/v2\/comments?post=1863"}],"wp:featuredmedia":[{"embeddable":true,"href":"https:\/\/tasdegirmenmakina.com.tr\/index.php\/wp-json\/wp\/v2\/media\/1585"}],"wp:attachment":[{"href":"https:\/\/tasdegirmenmakina.com.tr\/index.php\/wp-json\/wp\/v2\/media?parent=1863"}],"wp:term":[{"taxonomy":"product_cat","embeddable":true,"href":"https:\/\/tasdegirmenmakina.com.tr\/index.php\/wp-json\/wp\/v2\/product_cat?post=1863"},{"taxonomy":"product_tag","embeddable":true,"href":"https:\/\/tasdegirmenmakina.com.tr\/index.php\/wp-json\/wp\/v2\/product_tag?post=1863"}],"curies":[{"name":"wp","href":"https:\/\/api.w.org\/{rel}","templated":true}]}}