{"id":1865,"date":"2023-10-17T09:33:34","date_gmt":"2023-10-17T09:33:34","guid":{"rendered":"https:\/\/tasdegirmenmakina.com.tr\/?post_type=product&#038;p=1865"},"modified":"2023-10-17T09:33:39","modified_gmt":"2023-10-17T09:33:39","slug":"un-vidali-tasiyici","status":"publish","type":"product","link":"https:\/\/tasdegirmenmakina.com.tr\/index.php\/urun\/un-vidali-tasiyici\/","title":{"rendered":"Un Vidal\u0131 Ta\u015f\u0131y\u0131c\u0131"},"content":{"rendered":"","protected":false},"excerpt":{"rendered":"<p>Vidal\u0131 ta\u015f\u0131y\u0131c\u0131; bitmi\u015f \u00fcr\u00fcnlerin yatay olarak ta\u015f\u0131nmas\u0131nda kullan\u0131l\u0131r. Bitmi\u015f \u00fcr\u00fcn\u00fcn farkl\u0131 yerlerden toplanarak istenilen yere (silo veya paketleme) sevk edilmesi i\u015flemini<br \/>\nyapar. Esnek kolay yer de\u011fi\u015ftirebilen klapeler sayesinde efektif kullan\u0131m sa\u011flar. Un-\u0130rmik-M\u0131s\u0131r tesislerinde verimli kullan\u0131m sunar.<br \/>\n&#8220;U&#8221; \u015feklinde bir yap\u0131ya sahiptir.<\/p>\n<p><a href=\"https:\/\/tasdegirmenmakina.com.tr\/wp-content\/uploads\/2023\/10\/un-vidali-tasiyici-teknik.pdf\" target=\"_blank\" rel=\"noopener\">Teknik PDF<\/a><\/p>\n","protected":false},"featured_media":1591,"comment_status":"open","ping_status":"closed","template":"","meta":[],"product_cat":[173],"product_tag":[],"class_list":["post-1865","product","type-product","status-publish","has-post-thumbnail","hentry","product_cat-tasima"],"_links":{"self":[{"href":"https:\/\/tasdegirmenmakina.com.tr\/index.php\/wp-json\/wp\/v2\/product\/1865","targetHints":{"allow":["GET"]}}],"collection":[{"href":"https:\/\/tasdegirmenmakina.com.tr\/index.php\/wp-json\/wp\/v2\/product"}],"about":[{"href":"https:\/\/tasdegirmenmakina.com.tr\/index.php\/wp-json\/wp\/v2\/types\/product"}],"replies":[{"embeddable":true,"href":"https:\/\/tasdegirmenmakina.com.tr\/index.php\/wp-json\/wp\/v2\/comments?post=1865"}],"wp:featuredmedia":[{"embeddable":true,"href":"https:\/\/tasdegirmenmakina.com.tr\/index.php\/wp-json\/wp\/v2\/media\/1591"}],"wp:attachment":[{"href":"https:\/\/tasdegirmenmakina.com.tr\/index.php\/wp-json\/wp\/v2\/media?parent=1865"}],"wp:term":[{"taxonomy":"product_cat","embeddable":true,"href":"https:\/\/tasdegirmenmakina.com.tr\/index.php\/wp-json\/wp\/v2\/product_cat?post=1865"},{"taxonomy":"product_tag","embeddable":true,"href":"https:\/\/tasdegirmenmakina.com.tr\/index.php\/wp-json\/wp\/v2\/product_tag?post=1865"}],"curies":[{"name":"wp","href":"https:\/\/api.w.org\/{rel}","templated":true}]}}