{"id":1867,"date":"2023-10-17T09:33:35","date_gmt":"2023-10-17T09:33:35","guid":{"rendered":"https:\/\/tasdegirmenmakina.com.tr\/?post_type=product&#038;p=1867"},"modified":"2023-10-17T09:33:39","modified_gmt":"2023-10-17T09:33:39","slug":"zincirli-konveyor","status":"publish","type":"product","link":"https:\/\/tasdegirmenmakina.com.tr\/index.php\/urun\/zincirli-konveyor\/","title":{"rendered":"Zincirli Konveyor"},"content":{"rendered":"","protected":false},"excerpt":{"rendered":"<p>Yatay ta\u015f\u0131mac\u0131l\u0131\u011f\u0131n yap\u0131labilece\u011fi her yerde kullan\u0131l\u0131r. Yem, g\u0131da, kimya, maden, tala\u015f ve toprak sanayilerinde kullan\u0131l\u0131r. G\u00f6vde \u00e7elik malzemeden imal edilir. Avare tahrik yataklama sistemine sahiptir. \u00d6zel gergi irtibat\u0131 ile dizayn edilmi\u015ftir. istenilen kapasiteye g\u00f6re de\u011fi\u015fkenlik g\u00f6sterir. Zincirli bagalar\u0131 \u00e7elik d\u00f6k\u00fcml\u00fcd\u00fcr. Ta\u015f\u0131y\u0131c\u0131 lamalar\u0131 sertle\u015ftiril\u00ad mi\u015f \u00e7elikten imal edilir Merkez kumandaya ba\u011fl\u0131 olarak zincir di\u015fli ile tertibatland\u0131r\u0131larak hareket al\u0131r, \u00fczerine d\u00fc\u015fen mam\u00fcl\u00fcn ta\u015f\u0131nmas\u0131n\u0131 sa\u011flar.<\/p>\n<p><a href=\"https:\/\/tasdegirmenmakina.com.tr\/wp-content\/uploads\/2023\/10\/zincirli-teknik.pdf\" target=\"_blank\" rel=\"noopener\">Teknik PDF<\/a><\/p>\n","protected":false},"featured_media":1597,"comment_status":"open","ping_status":"closed","template":"","meta":[],"product_cat":[173],"product_tag":[],"class_list":["post-1867","product","type-product","status-publish","has-post-thumbnail","hentry","product_cat-tasima"],"_links":{"self":[{"href":"https:\/\/tasdegirmenmakina.com.tr\/index.php\/wp-json\/wp\/v2\/product\/1867","targetHints":{"allow":["GET"]}}],"collection":[{"href":"https:\/\/tasdegirmenmakina.com.tr\/index.php\/wp-json\/wp\/v2\/product"}],"about":[{"href":"https:\/\/tasdegirmenmakina.com.tr\/index.php\/wp-json\/wp\/v2\/types\/product"}],"replies":[{"embeddable":true,"href":"https:\/\/tasdegirmenmakina.com.tr\/index.php\/wp-json\/wp\/v2\/comments?post=1867"}],"wp:featuredmedia":[{"embeddable":true,"href":"https:\/\/tasdegirmenmakina.com.tr\/index.php\/wp-json\/wp\/v2\/media\/1597"}],"wp:attachment":[{"href":"https:\/\/tasdegirmenmakina.com.tr\/index.php\/wp-json\/wp\/v2\/media?parent=1867"}],"wp:term":[{"taxonomy":"product_cat","embeddable":true,"href":"https:\/\/tasdegirmenmakina.com.tr\/index.php\/wp-json\/wp\/v2\/product_cat?post=1867"},{"taxonomy":"product_tag","embeddable":true,"href":"https:\/\/tasdegirmenmakina.com.tr\/index.php\/wp-json\/wp\/v2\/product_tag?post=1867"}],"curies":[{"name":"wp","href":"https:\/\/api.w.org\/{rel}","templated":true}]}}