{"id":1869,"date":"2023-10-17T09:33:35","date_gmt":"2023-10-17T09:33:35","guid":{"rendered":"https:\/\/tasdegirmenmakina.com.tr\/?post_type=product&#038;p=1869"},"modified":"2023-10-17T09:33:39","modified_gmt":"2023-10-17T09:33:39","slug":"cop-sasor","status":"publish","type":"product","link":"https:\/\/tasdegirmenmakina.com.tr\/index.php\/urun\/cop-sasor\/","title":{"rendered":"\u00c7\u00f6p Sas\u00f6r"},"content":{"rendered":"","protected":false},"excerpt":{"rendered":"<p>\u00c7\u00f6p sas\u00f6r\u00fc; tah\u0131ldan saman, \u00e7\u00f6p,ba\u015fak, k\u0131r\u0131k ve istenmeyen maddelerin ayr\u0131\u015ft\u0131r\u0131lmas\u0131nda kullan\u0131l\u0131r. G\u00fc\u00e7lendirilmi\u015f hava sirk\u00fclasyon sistemi ile istenmeyen yabanc\u0131 maddeler klayl\u0131kla ayr\u0131\u015ft\u0131r\u0131l\u0131r.<\/p>\n<p><a href=\"https:\/\/tasdegirmenmakina.com.tr\/wp-content\/uploads\/2023\/10\/teknik.pdf\" target=\"_blank\" rel=\"noopener\">Teknik PDF<\/a><\/p>\n","protected":false},"featured_media":0,"comment_status":"open","ping_status":"closed","template":"","meta":[],"product_cat":[175],"product_tag":[],"class_list":["post-1869","product","type-product","status-publish","hentry","product_cat-temizleme"],"_links":{"self":[{"href":"https:\/\/tasdegirmenmakina.com.tr\/index.php\/wp-json\/wp\/v2\/product\/1869","targetHints":{"allow":["GET"]}}],"collection":[{"href":"https:\/\/tasdegirmenmakina.com.tr\/index.php\/wp-json\/wp\/v2\/product"}],"about":[{"href":"https:\/\/tasdegirmenmakina.com.tr\/index.php\/wp-json\/wp\/v2\/types\/product"}],"replies":[{"embeddable":true,"href":"https:\/\/tasdegirmenmakina.com.tr\/index.php\/wp-json\/wp\/v2\/comments?post=1869"}],"wp:attachment":[{"href":"https:\/\/tasdegirmenmakina.com.tr\/index.php\/wp-json\/wp\/v2\/media?parent=1869"}],"wp:term":[{"taxonomy":"product_cat","embeddable":true,"href":"https:\/\/tasdegirmenmakina.com.tr\/index.php\/wp-json\/wp\/v2\/product_cat?post=1869"},{"taxonomy":"product_tag","embeddable":true,"href":"https:\/\/tasdegirmenmakina.com.tr\/index.php\/wp-json\/wp\/v2\/product_tag?post=1869"}],"curies":[{"name":"wp","href":"https:\/\/api.w.org\/{rel}","templated":true}]}}