{"id":1870,"date":"2023-10-17T09:33:35","date_gmt":"2023-10-17T09:33:35","guid":{"rendered":"https:\/\/tasdegirmenmakina.com.tr\/?post_type=product&#038;p=1870"},"modified":"2025-06-28T10:05:56","modified_gmt":"2025-06-28T10:05:56","slug":"dik-yikama-makinesi","status":"publish","type":"product","link":"https:\/\/tasdegirmenmakina.com.tr\/index.php\/urun\/dik-yikama-makinesi\/","title":{"rendered":"Dik Y\u0131kama Makinesi"},"content":{"rendered":"","protected":false},"excerpt":{"rendered":"<p>Tah\u0131llar\u0131 dinleme silosuna g\u00f6ndermeden \u00f6nce su i\u00e7erisinde y\u0131kayarak ve kurutma kabini i\u00e7erisinde kurutarak istenilen oranda tavlama yapar ve belli bir oranda bu\u011fday<br \/>\n\u00fczerindeki kabu\u011fu soyar ayn\u0131 zamanda tah\u0131l i\u00e7erisindeki ta\u015flar\u0131 k\u0131sm\u0131 olarak ay\u0131r\u0131r.<\/p>\n<p><a href=\"https:\/\/tasdegirmenmakina.com.tr\/wp-content\/uploads\/2023\/10\/DiK-YIKAMA-MAKiNESi-VERTICAL-WASHING-MACHINE-TEKNIK.pdf\" target=\"_blank\" rel=\"noopener\">Teknik PDF<\/a><\/p>\n","protected":false},"featured_media":1605,"comment_status":"open","ping_status":"closed","template":"","meta":[],"product_cat":[175],"product_tag":[],"class_list":["post-1870","product","type-product","status-publish","has-post-thumbnail","hentry","product_cat-temizleme"],"_links":{"self":[{"href":"https:\/\/tasdegirmenmakina.com.tr\/index.php\/wp-json\/wp\/v2\/product\/1870","targetHints":{"allow":["GET"]}}],"collection":[{"href":"https:\/\/tasdegirmenmakina.com.tr\/index.php\/wp-json\/wp\/v2\/product"}],"about":[{"href":"https:\/\/tasdegirmenmakina.com.tr\/index.php\/wp-json\/wp\/v2\/types\/product"}],"replies":[{"embeddable":true,"href":"https:\/\/tasdegirmenmakina.com.tr\/index.php\/wp-json\/wp\/v2\/comments?post=1870"}],"wp:featuredmedia":[{"embeddable":true,"href":"https:\/\/tasdegirmenmakina.com.tr\/index.php\/wp-json\/wp\/v2\/media\/1605"}],"wp:attachment":[{"href":"https:\/\/tasdegirmenmakina.com.tr\/index.php\/wp-json\/wp\/v2\/media?parent=1870"}],"wp:term":[{"taxonomy":"product_cat","embeddable":true,"href":"https:\/\/tasdegirmenmakina.com.tr\/index.php\/wp-json\/wp\/v2\/product_cat?post=1870"},{"taxonomy":"product_tag","embeddable":true,"href":"https:\/\/tasdegirmenmakina.com.tr\/index.php\/wp-json\/wp\/v2\/product_tag?post=1870"}],"curies":[{"name":"wp","href":"https:\/\/api.w.org\/{rel}","templated":true}]}}