{"id":1872,"date":"2023-10-17T09:33:35","date_gmt":"2023-10-17T09:33:35","guid":{"rendered":"https:\/\/tasdegirmenmakina.com.tr\/?post_type=product&#038;p=1872"},"modified":"2023-10-17T09:33:40","modified_gmt":"2023-10-17T09:33:40","slug":"hava-kanali","status":"publish","type":"product","link":"https:\/\/tasdegirmenmakina.com.tr\/index.php\/urun\/hava-kanali\/","title":{"rendered":"Hava Kanal\u0131"},"content":{"rendered":"","protected":false},"excerpt":{"rendered":"<p>Tah\u0131llar, \u00e7ekirdekli \u00fcr\u00fcnler (soya , kakao vs.) ve kabuklu yemi\u015flerin i\u00e7inde bulunan hafif yabanc\u0131 maddelerin ve soyulmu\u015f kabuklar\u0131n hava sirk\u00fclasyonu ile ayr\u0131\u015ft\u0131r\u0131l\u0131p temizlenmesinde kullan\u0131l\u0131r. G\u0131da sanayinde; Un ve irmik fabrikalar\u0131nda,m\u0131s\u0131r , \u00e7avdar , yulaf, arpa ve benzeri tah\u0131l i\u015fleme tesislerinde, tah\u0131l temizleme tesislerinde, bitkisel ya\u011f fabrikalar\u0131nda, kabuklu yemi\u015f tesislerinde, tah\u0131llar\u0131n silolama tesislerinde kullan\u0131l\u0131r.<\/p>\n<p><a href=\"https:\/\/tasdegirmenmakina.com.tr\/wp-content\/uploads\/2023\/10\/hava-kanali-teknik.pdf\">hava kanal\u0131 teknik<\/a><\/p>\n","protected":false},"featured_media":1611,"comment_status":"open","ping_status":"closed","template":"","meta":[],"product_cat":[175],"product_tag":[],"class_list":["post-1872","product","type-product","status-publish","has-post-thumbnail","hentry","product_cat-temizleme"],"_links":{"self":[{"href":"https:\/\/tasdegirmenmakina.com.tr\/index.php\/wp-json\/wp\/v2\/product\/1872","targetHints":{"allow":["GET"]}}],"collection":[{"href":"https:\/\/tasdegirmenmakina.com.tr\/index.php\/wp-json\/wp\/v2\/product"}],"about":[{"href":"https:\/\/tasdegirmenmakina.com.tr\/index.php\/wp-json\/wp\/v2\/types\/product"}],"replies":[{"embeddable":true,"href":"https:\/\/tasdegirmenmakina.com.tr\/index.php\/wp-json\/wp\/v2\/comments?post=1872"}],"wp:featuredmedia":[{"embeddable":true,"href":"https:\/\/tasdegirmenmakina.com.tr\/index.php\/wp-json\/wp\/v2\/media\/1611"}],"wp:attachment":[{"href":"https:\/\/tasdegirmenmakina.com.tr\/index.php\/wp-json\/wp\/v2\/media?parent=1872"}],"wp:term":[{"taxonomy":"product_cat","embeddable":true,"href":"https:\/\/tasdegirmenmakina.com.tr\/index.php\/wp-json\/wp\/v2\/product_cat?post=1872"},{"taxonomy":"product_tag","embeddable":true,"href":"https:\/\/tasdegirmenmakina.com.tr\/index.php\/wp-json\/wp\/v2\/product_tag?post=1872"}],"curies":[{"name":"wp","href":"https:\/\/api.w.org\/{rel}","templated":true}]}}