{"id":1873,"date":"2023-10-17T09:33:36","date_gmt":"2023-10-17T09:33:36","guid":{"rendered":"https:\/\/tasdegirmenmakina.com.tr\/?post_type=product&#038;p=1873"},"modified":"2023-10-17T09:33:40","modified_gmt":"2023-10-17T09:33:40","slug":"kabuk-soyucu","status":"publish","type":"product","link":"https:\/\/tasdegirmenmakina.com.tr\/index.php\/urun\/kabuk-soyucu\/","title":{"rendered":"Kabuk Soyucu"},"content":{"rendered":"","protected":false},"excerpt":{"rendered":"<p>Un ve irmik fabrikalar\u0131n\u0131n temizleme k\u0131s\u0131mlar\u0131nda bu\u011fday\u0131n \u00f6n temizlenmesinde bu\u011fday\u0131n ay\u0131klanmas\u0131nda, bu\u011fday \u00fczerindeki kabuk ve u\u00e7 k\u0131s\u0131mda bulunan sakallar\u0131n temizlenmesinde kullan\u0131l\u0131r.<br \/>\nAy\u0131klanan at\u0131k \u00fcr\u00fcnler ,makina \u00fczerindeki g\u00f6mlek d\u0131\u015f\u0131na itilerek ,tesisteilgili yere transferi sa\u011flan\u0131r.<\/p>\n<p><a href=\"https:\/\/tasdegirmenmakina.com.tr\/wp-content\/uploads\/2023\/10\/kabuk-soyucu-teknik.pdf\" target=\"_blank\" rel=\"noopener\">Teknik PDF<\/a><\/p>\n","protected":false},"featured_media":1613,"comment_status":"open","ping_status":"closed","template":"","meta":[],"product_cat":[175],"product_tag":[],"class_list":["post-1873","product","type-product","status-publish","has-post-thumbnail","hentry","product_cat-temizleme"],"_links":{"self":[{"href":"https:\/\/tasdegirmenmakina.com.tr\/index.php\/wp-json\/wp\/v2\/product\/1873","targetHints":{"allow":["GET"]}}],"collection":[{"href":"https:\/\/tasdegirmenmakina.com.tr\/index.php\/wp-json\/wp\/v2\/product"}],"about":[{"href":"https:\/\/tasdegirmenmakina.com.tr\/index.php\/wp-json\/wp\/v2\/types\/product"}],"replies":[{"embeddable":true,"href":"https:\/\/tasdegirmenmakina.com.tr\/index.php\/wp-json\/wp\/v2\/comments?post=1873"}],"wp:featuredmedia":[{"embeddable":true,"href":"https:\/\/tasdegirmenmakina.com.tr\/index.php\/wp-json\/wp\/v2\/media\/1613"}],"wp:attachment":[{"href":"https:\/\/tasdegirmenmakina.com.tr\/index.php\/wp-json\/wp\/v2\/media?parent=1873"}],"wp:term":[{"taxonomy":"product_cat","embeddable":true,"href":"https:\/\/tasdegirmenmakina.com.tr\/index.php\/wp-json\/wp\/v2\/product_cat?post=1873"},{"taxonomy":"product_tag","embeddable":true,"href":"https:\/\/tasdegirmenmakina.com.tr\/index.php\/wp-json\/wp\/v2\/product_tag?post=1873"}],"curies":[{"name":"wp","href":"https:\/\/api.w.org\/{rel}","templated":true}]}}