{"id":1878,"date":"2023-10-17T09:33:36","date_gmt":"2023-10-17T09:33:36","guid":{"rendered":"https:\/\/tasdegirmenmakina.com.tr\/?post_type=product&#038;p=1878"},"modified":"2023-10-17T09:33:41","modified_gmt":"2023-10-17T09:33:41","slug":"vibro-cop-sasoru","status":"publish","type":"product","link":"https:\/\/tasdegirmenmakina.com.tr\/index.php\/urun\/vibro-cop-sasoru\/","title":{"rendered":"Vibro \u00c7\u00f6p Sas\u00f6r\u00fc"},"content":{"rendered":"","protected":false},"excerpt":{"rendered":"<p>\u00c7\u00f6p sas\u00f6r\u00fc; tah\u0131ldan saman, \u00e7\u00f6p, ba\u015fak, ve istenmeyen maddelerin ayr\u0131\u015ft\u0131r\u0131lma\u00ad s\u0131nda kullan\u0131l\u0131r. Separat\u00f6re giren mamul, makinenin a\u011f\u0131rl\u0131k merkezine konmu\u015f vibro<br \/>\nmotorlar\u0131n titre\u015fimi ile eleklerin \u00fczerine yay\u0131larak elenir. Yabanc\u0131 maddeler titre\u015fimle makine d\u0131\u015f\u0131na iletilir. Ay\u0131klanm\u0131\u015f ve k\u0131r\u0131k mamul alt elek \u00fczerine d\u00f6k\u00fcl\u00fcr. Elek y\u00fczeyleri, elek i\u00e7 k\u0131sm\u0131nda yer alan plastik toplar vas\u0131tas\u0131yla s\u00fcrekli olarak temizlenir. G\u00f6zetleme amac\u0131yla mika cam bulunur. Vibro motorlar direkt makine \u00fczerine monte edildi\u011finden, kay\u0131\u015f, kasnak, rulman ve ask\u0131 \u00e7ubuklar\u0131 kullan\u0131lmam\u0131\u015ft\u0131r.Elek kasalar\u0131 kolay s\u00f6k\u00fclebilme \u00f6zelli\u011fine sahiptir.Minimum bak\u0131m gerektirir.<\/p>\n<p><a href=\"https:\/\/tasdegirmenmakina.com.tr\/wp-content\/uploads\/2023\/10\/vibro-cop-sasoru-teknik.pdf\" target=\"_blank\" rel=\"noopener\">Teknik PDF<\/a><\/p>\n","protected":false},"featured_media":1629,"comment_status":"open","ping_status":"closed","template":"","meta":[],"product_cat":[175],"product_tag":[],"class_list":["post-1878","product","type-product","status-publish","has-post-thumbnail","hentry","product_cat-temizleme"],"_links":{"self":[{"href":"https:\/\/tasdegirmenmakina.com.tr\/index.php\/wp-json\/wp\/v2\/product\/1878","targetHints":{"allow":["GET"]}}],"collection":[{"href":"https:\/\/tasdegirmenmakina.com.tr\/index.php\/wp-json\/wp\/v2\/product"}],"about":[{"href":"https:\/\/tasdegirmenmakina.com.tr\/index.php\/wp-json\/wp\/v2\/types\/product"}],"replies":[{"embeddable":true,"href":"https:\/\/tasdegirmenmakina.com.tr\/index.php\/wp-json\/wp\/v2\/comments?post=1878"}],"wp:featuredmedia":[{"embeddable":true,"href":"https:\/\/tasdegirmenmakina.com.tr\/index.php\/wp-json\/wp\/v2\/media\/1629"}],"wp:attachment":[{"href":"https:\/\/tasdegirmenmakina.com.tr\/index.php\/wp-json\/wp\/v2\/media?parent=1878"}],"wp:term":[{"taxonomy":"product_cat","embeddable":true,"href":"https:\/\/tasdegirmenmakina.com.tr\/index.php\/wp-json\/wp\/v2\/product_cat?post=1878"},{"taxonomy":"product_tag","embeddable":true,"href":"https:\/\/tasdegirmenmakina.com.tr\/index.php\/wp-json\/wp\/v2\/product_tag?post=1878"}],"curies":[{"name":"wp","href":"https:\/\/api.w.org\/{rel}","templated":true}]}}